{"id":4841,"date":"2021-05-25T16:58:14","date_gmt":"2021-05-25T16:58:14","guid":{"rendered":"https:\/\/floramedia.nl\/cookiebeleid\/"},"modified":"2021-08-16T15:50:26","modified_gmt":"2021-08-16T14:50:26","slug":"cookies","status":"publish","type":"page","link":"https:\/\/floramedia.nl\/fr\/cookies\/","title":{"rendered":"Politique de gestion des cookies"},"content":{"rendered":"<div class=\"vce-row-container\" data-vce-boxed-width=\"true\"><div class=\"vce-row vce-row--col-gap-30 vce-row-equal-height vce-row-content--top\" id=\"el-9500c534\" data-vce-do-apply=\"all el-9500c534\"><div class=\"vce-content-background-container\"><\/div><div class=\"vce-row-content\" data-vce-element-content=\"true\"><div class=\"vce-col vce-col--md-auto vce-col--xs-1 vce-col--xs-last vce-col--xs-first vce-col--sm-last vce-col--sm-first vce-col--md-last vce-col--lg-last vce-col--xl-last vce-col--md-first vce-col--lg-first vce-col--xl-first\" id=\"el-2fac9b20\"><div class=\"vce-col-inner\" data-vce-do-apply=\"border margin background  el-2fac9b20\"><div class=\"vce-col-content\" data-vce-element-content=\"true\" data-vce-do-apply=\"padding el-2fac9b20\"><div class=\"vce-text-block fm-page-title text-uppercase text-green\"><div class=\"vce-text-block-wrapper vce\" id=\"el-b25de1d1\" data-vce-do-apply=\"all el-b25de1d1\"><h1>Politique de gestion des cookies<\/h1><\/div><\/div><div class=\"vce-text-block\"><div class=\"vce-text-block-wrapper vce\" id=\"el-f79e1b0d\" data-vce-do-apply=\"all el-f79e1b0d\"><p>Il est important pour nous que vous ayez le contr\u00f4le de votre vie priv\u00e9e sur internet. C'est pourquoi nous souhaitons vous informer de mani\u00e8re aussi compl\u00e8te que possible sur les cookies que nous utilisons et \u00e0 quelles fins.<\/p>\n<p>La banni\u00e8re de cookies et la pr\u00e9sente d\u00e9claration (notre politique de cookies) font partie de la <a href=\"https:\/\/floramedia.nl\/fr\/politique-confidentialite\/\">politique de confidentialit\u00e9<\/a> de Floramedia Nederland B.V. Outre l'utilisation de cookies, nous collectons \u00e9galement des donn\u00e9es personnelles. La politique de confidentialit\u00e9 vous explique comment nous traitons ces donn\u00e9es personnelles et vous donne de plus amples informations sur qui nous sommes et comment nous contacter.<\/p>\n<h2>Qu\u2019est-ce qu\u2019un cookie ?<\/h2>\n<p>Un cookie est un simple petit fichier qui est envoy\u00e9 avec les pages de ce site web (et\/ou les applications Flash) et stock\u00e9 par votre navigateur sur le disque dur de votre ordinateur, tablette ou t\u00e9l\u00e9phone mobile. Les informations qui y sont stock\u00e9es peuvent \u00eatre renvoy\u00e9es \u00e0 nos serveurs lors d'une visite ult\u00e9rieure. L'utilisateur peut choisir d'activer ou non ces cookies sur son ordinateur.<\/p>\n<h2>Responsable du traitement de vos donn\u00e9es<\/h2>\n<p>Floramedia Nederland B.V., Kleine Steng 1, 1551 NC Westzaan, Pays-Bas agit en tant que responsable du traitement de vos donn\u00e9es tel que d\u00e9crit sur cette page. Cela concerne le(s) site(s) suivant(s) :<\/p>\n<ul>\n<li aria-level=\"1\">www.floramedia.nl<\/li>\n<\/ul>\n<h2>Utilisation des cookies permanents<\/h2>\n<p>Gr\u00e2ce \u00e0 un cookie permanent, nous pouvons vous reconna\u00eetre lorsque vous visitez \u00e0 nouveau notre site internet. Cela permet d'adapter le site \u00e0 vos pr\u00e9f\u00e9rences. M\u00eame si vous avez donn\u00e9 votre consentement au placement de cookies, nous pouvons nous en souvenir au moyen d'un cookie. Cela vous \u00e9vite de devoir r\u00e9p\u00e9ter vos pr\u00e9f\u00e9rences \u00e0 plusieurs reprises, ce qui vous fait gagner du temps et facilite l'utilisation de notre site. Les cookies permanents peuvent \u00eatre supprim\u00e9s dans les param\u00e8tres de votre navigateur.<\/p>\n<h2>Utilisation des cookies de navigation<\/h2>\n<p>Gr\u00e2ce \u00e0 un cookie de session, nous pouvons voir quelles parties du site vous avez consult\u00e9es au cours de cette visite. Cela nous permet d'adapter au mieux notre service au comportement de navigation de nos visiteurs. Ces cookies sont automatiquement supprim\u00e9s d\u00e8s que vous fermez votre navigateur.<\/p>\n<h2>Google Analytics<\/h2>\n<p>Dans le cadre de son service \u00ab&nbsp;Analytics&nbsp;\u00bb, Google place un cookie d\u00e9di\u00e9 par le biais de notre site. Nous utilisons ce service pour suivre et obtenir des rapports sur la fa\u00e7on dont les visiteurs utilisent notre site. Google peut transmettre ces informations \u00e0 des tiers si la loi l'exige ou si ces tiers traitent ces informations pour le compte de Google. Nous n\u2019avons aucune influence sur ce point.<\/p>\n<p>Les informations collect\u00e9es par Google sont trait\u00e9es anonymement autant que possible. Votre adresse IP n\u2019est jamais communiqu\u00e9e. Ces informations sont transf\u00e9r\u00e9es et stock\u00e9es par Google sur des serveurs situ\u00e9s aux \u00c9tats-Unis. Google affirme adh\u00e9rer aux principes du Privacy Shield et est affili\u00e9 au programme Privacy Shield du minist\u00e8re am\u00e9ricain du commerce. Cela signifie qu\u2019un niveau de protection appropri\u00e9 s\u2019exerce sur le traitement de toute donn\u00e9e personnelle. Pour plus d'informations sur le traitement par Google des donn\u00e9es collect\u00e9es, nous vous renvoyons \u00e0 la <a href=\"https:\/\/support.google.com\/analytics\/answer\/6004245?hl=fr\">politique de confidentialit\u00e9 de Google<\/a>.<\/p>\n<h2>R\u00e9seaux sociaux<\/h2>\n<p>Notre site affiche des boutons permettant de promouvoir ou de partager des pages web sur des r\u00e9seaux sociaux tels que Facebook, Instagram et LinkedIn. Ces boutons fonctionnent gr\u00e2ce \u00e0 des morceaux de code qui proviennent directement de ces r\u00e9seaux sociaux. Les cookies sont plac\u00e9s au moyen de ce code. Nous n\u2019avons aucune influence sur eux. Pour plus d'informations sur l\u2019utilisation que ces plateformes font des donn\u00e9es stock\u00e9es, nous vous renvoyons \u00e0 leurs propres politiques de confidentialit\u00e9 :<\/p>\n<ul>\n<li aria-level=\"1\">Facebook : <a href=\"https:\/\/www.facebook.com\/policy.php\">https:\/\/www.facebook.com\/policy.php<\/a><\/li>\n<li aria-level=\"1\">Instagram : <a href=\"https:\/\/help.instagram.com\/519522125107875\">https:\/\/help.instagram.com\/519522125107875<\/a><\/li>\n<li aria-level=\"1\">\u200b\u200b\u200b\u200b\u200b\u200bYouTube : <a href=\"https:\/\/www.youtube.com\/account_privacy\">https:\/\/www.youtube.com\/account_privacy<\/a><\/li>\n<li aria-level=\"1\">Twitter : <a href=\"https:\/\/twitter.com\/fr\/privacy\">https:\/\/twitter.com\/frprivacy<\/a><\/li>\n<li aria-level=\"1\">LinkedIn : <a href=\"https:\/\/fr.linkedin.com\/legal\/privacy-policy\">https:\/\/fr.linkedin.com\/legal\/privacy-policy<\/a><\/li>\n<\/ul>\n<p>La pr\u00e9sente politique de confidentialit\u00e9 est susceptible d\u2019\u00eatre modifi\u00e9e r\u00e9guli\u00e8rement.<\/p>\n<h2>Droit d'acc\u00e8s, de rectification et de suppression de vos donn\u00e9es<\/h2>\n<p>Vous avez le droit de demander l'acc\u00e8s \u00e0 vos donn\u00e9es, de les faire rectifier ou supprimer. Pour plus d\u2019informations, consultez notre <a href=\"https:\/\/floramedia.nl\/fr\/contactez-nous\/\">page contact<\/a>. Pour \u00e9viter toute utilisation abusive, il est possible que nous vous demandions de vous identifier de mani\u00e8re ad\u00e9quate. Lorsqu'il s'agit d'acc\u00e9der \u00e0 des donn\u00e9es personnelles li\u00e9es \u00e0 un cookie, vous devez envoyer une copie du cookie en question. Vous pouvez le trouver dans les param\u00e8tres de votre navigateur.<\/p>\n<h2>Activation et d\u00e9sactivation des cookies<\/h2>\n<p>Vous trouverez de plus amples informations sur l'activation, la d\u00e9sactivation et la suppression des cookies avec la fonction Aide de votre navigateur.<\/p>\n<h2>Dur\u00e9e de conservation des cookies<\/h2>\n<p>La dur\u00e9e de conservation varie en fonction des cookies. Certains sont supprim\u00e9s automatiquement \u00e0 la fin d\u2019une session lorsque vous fermez votre navigateur. D\u2019autres, les cookies permanents, sont conserv\u00e9s pour une plus longue dur\u00e9e, de 24 heures \u00e0 une dur\u00e9e illimit\u00e9e. \u00c0 l\u2019issue de cette p\u00e9riode, les donn\u00e9es brutes de trafic associ\u00e9es \u00e0 un identifiant sont supprim\u00e9es ou trait\u00e9es anonymement.<\/p>\n<div>\n<p><!--googleon: all--><\/p>\n<\/div><\/div><\/div><\/div><\/div><\/div><\/div><\/div><\/div>","protected":false},"excerpt":{"rendered":"<p>Il est important pour nous que vous ayez le contr\u00f4le de votre vie priv\u00e9e sur internet. C&rsquo;est pourquoi nous souhaitons vous informer de mani\u00e8re aussi compl\u00e8te que possible sur les cookies que nous utilisons et \u00e0 quelles fins. La banni\u00e8re de cookies et la pr\u00e9sente d\u00e9claration (notre politique de cookies) font partie de la politique&hellip; <a class=\"more-link\" href=\"https:\/\/floramedia.nl\/fr\/cookies\/\">Poursuivre la lecture <span class=\"screen-reader-text\">Politique de gestion des cookies<\/span><\/a><\/p>\n","protected":false},"author":1,"featured_media":0,"parent":0,"menu_order":0,"comment_status":"closed","ping_status":"closed","template":"","meta":{"_acf_changed":false,"inline_featured_image":false,"footnotes":""},"class_list":["post-4841","page","type-page","status-publish","hentry","entry"],"acf":[],"yoast_head":"<!-- This site is optimized with the Yoast SEO plugin v27.3 - https:\/\/yoast.com\/product\/yoast-seo-wordpress\/ -->\n<title>Politique de gestion des cookies | Floramedia.nl<\/title>\n<meta name=\"description\" content=\"Lees hier ons cookiebeleid.\" \/>\n<meta name=\"robots\" content=\"index, follow, max-snippet:-1, max-image-preview:large, max-video-preview:-1\" \/>\n<link rel=\"canonical\" href=\"https:\/\/floramedia.nl\/fr\/cookies\/\" \/>\n<meta property=\"og:locale\" content=\"fr_FR\" \/>\n<meta property=\"og:type\" content=\"article\" \/>\n<meta property=\"og:title\" content=\"Politique de gestion des cookies | Floramedia.nl\" \/>\n<meta property=\"og:description\" content=\"Lees hier ons cookiebeleid.\" \/>\n<meta property=\"og:url\" content=\"https:\/\/floramedia.nl\/fr\/cookies\/\" \/>\n<meta property=\"og:site_name\" content=\"Floramedia.nl\" \/>\n<meta property=\"article:modified_time\" content=\"2021-08-16T14:50:26+00:00\" \/>\n<meta name=\"twitter:card\" content=\"summary_large_image\" \/>\n<meta name=\"twitter:label1\" content=\"Dur\u00e9e de lecture estim\u00e9e\" \/>\n\t<meta name=\"twitter:data1\" content=\"4 minutes\" \/>\n<script type=\"application\/ld+json\" class=\"yoast-schema-graph\">{\"@context\":\"https:\\\/\\\/schema.org\",\"@graph\":[{\"@type\":\"WebPage\",\"@id\":\"https:\\\/\\\/floramedia.nl\\\/fr\\\/cookies\\\/\",\"url\":\"https:\\\/\\\/floramedia.nl\\\/fr\\\/cookies\\\/\",\"name\":\"Politique de gestion des cookies | Floramedia.nl\",\"isPartOf\":{\"@id\":\"https:\\\/\\\/floramedia.nl\\\/fr\\\/#website\"},\"datePublished\":\"2021-05-25T16:58:14+00:00\",\"dateModified\":\"2021-08-16T14:50:26+00:00\",\"description\":\"Lees hier ons cookiebeleid.\",\"breadcrumb\":{\"@id\":\"https:\\\/\\\/floramedia.nl\\\/fr\\\/cookies\\\/#breadcrumb\"},\"inLanguage\":\"fr-FR\",\"potentialAction\":[{\"@type\":\"ReadAction\",\"target\":[\"https:\\\/\\\/floramedia.nl\\\/fr\\\/cookies\\\/\"]}]},{\"@type\":\"BreadcrumbList\",\"@id\":\"https:\\\/\\\/floramedia.nl\\\/fr\\\/cookies\\\/#breadcrumb\",\"itemListElement\":[{\"@type\":\"ListItem\",\"position\":1,\"name\":\"Home\",\"item\":\"https:\\\/\\\/floramedia.nl\\\/fr\\\/\"},{\"@type\":\"ListItem\",\"position\":2,\"name\":\"Politique de gestion des cookies\"}]},{\"@type\":\"WebSite\",\"@id\":\"https:\\\/\\\/floramedia.nl\\\/fr\\\/#website\",\"url\":\"https:\\\/\\\/floramedia.nl\\\/fr\\\/\",\"name\":\"Floramedia.nl\",\"description\":\"Communication and marketing partner for the green sector\",\"potentialAction\":[{\"@type\":\"SearchAction\",\"target\":{\"@type\":\"EntryPoint\",\"urlTemplate\":\"https:\\\/\\\/floramedia.nl\\\/fr\\\/?s={search_term_string}\"},\"query-input\":{\"@type\":\"PropertyValueSpecification\",\"valueRequired\":true,\"valueName\":\"search_term_string\"}}],\"inLanguage\":\"fr-FR\"}]}<\/script>\n<!-- \/ Yoast SEO plugin. -->","yoast_head_json":{"title":"Politique de gestion des cookies | Floramedia.nl","description":"Lees hier ons cookiebeleid.","robots":{"index":"index","follow":"follow","max-snippet":"max-snippet:-1","max-image-preview":"max-image-preview:large","max-video-preview":"max-video-preview:-1"},"canonical":"https:\/\/floramedia.nl\/fr\/cookies\/","og_locale":"fr_FR","og_type":"article","og_title":"Politique de gestion des cookies | Floramedia.nl","og_description":"Lees hier ons cookiebeleid.","og_url":"https:\/\/floramedia.nl\/fr\/cookies\/","og_site_name":"Floramedia.nl","article_modified_time":"2021-08-16T14:50:26+00:00","twitter_card":"summary_large_image","twitter_misc":{"Dur\u00e9e de lecture estim\u00e9e":"4 minutes"},"schema":{"@context":"https:\/\/schema.org","@graph":[{"@type":"WebPage","@id":"https:\/\/floramedia.nl\/fr\/cookies\/","url":"https:\/\/floramedia.nl\/fr\/cookies\/","name":"Politique de gestion des cookies | Floramedia.nl","isPartOf":{"@id":"https:\/\/floramedia.nl\/fr\/#website"},"datePublished":"2021-05-25T16:58:14+00:00","dateModified":"2021-08-16T14:50:26+00:00","description":"Lees hier ons cookiebeleid.","breadcrumb":{"@id":"https:\/\/floramedia.nl\/fr\/cookies\/#breadcrumb"},"inLanguage":"fr-FR","potentialAction":[{"@type":"ReadAction","target":["https:\/\/floramedia.nl\/fr\/cookies\/"]}]},{"@type":"BreadcrumbList","@id":"https:\/\/floramedia.nl\/fr\/cookies\/#breadcrumb","itemListElement":[{"@type":"ListItem","position":1,"name":"Home","item":"https:\/\/floramedia.nl\/fr\/"},{"@type":"ListItem","position":2,"name":"Politique de gestion des cookies"}]},{"@type":"WebSite","@id":"https:\/\/floramedia.nl\/fr\/#website","url":"https:\/\/floramedia.nl\/fr\/","name":"Floramedia.nl","description":"Communication and marketing partner for the green sector","potentialAction":[{"@type":"SearchAction","target":{"@type":"EntryPoint","urlTemplate":"https:\/\/floramedia.nl\/fr\/?s={search_term_string}"},"query-input":{"@type":"PropertyValueSpecification","valueRequired":true,"valueName":"search_term_string"}}],"inLanguage":"fr-FR"}]}},"_links":{"self":[{"href":"https:\/\/floramedia.nl\/fr\/wp-json\/wp\/v2\/pages\/4841","targetHints":{"allow":["GET"]}}],"collection":[{"href":"https:\/\/floramedia.nl\/fr\/wp-json\/wp\/v2\/pages"}],"about":[{"href":"https:\/\/floramedia.nl\/fr\/wp-json\/wp\/v2\/types\/page"}],"author":[{"embeddable":true,"href":"https:\/\/floramedia.nl\/fr\/wp-json\/wp\/v2\/users\/1"}],"replies":[{"embeddable":true,"href":"https:\/\/floramedia.nl\/fr\/wp-json\/wp\/v2\/comments?post=4841"}],"version-history":[{"count":0,"href":"https:\/\/floramedia.nl\/fr\/wp-json\/wp\/v2\/pages\/4841\/revisions"}],"wp:attachment":[{"href":"https:\/\/floramedia.nl\/fr\/wp-json\/wp\/v2\/media?parent=4841"}],"curies":[{"name":"wp","href":"https:\/\/api.w.org\/{rel}","templated":true}]}}