{"id":4937,"date":"2021-06-15T13:42:34","date_gmt":"2021-06-15T12:42:34","guid":{"rendered":"https:\/\/floramedia.nl\/creatie\/"},"modified":"2023-05-29T06:31:27","modified_gmt":"2023-05-29T05:31:27","slug":"creation","status":"publish","type":"page","link":"https:\/\/floramedia.nl\/fr\/creation\/","title":{"rendered":"Cr\u00e9ation"},"content":{"rendered":"<div class=\"vce-row-container\" data-vce-boxed-width=\"true\"><div class=\"vce-row vce-row--col-gap-30 vce-row-equal-height vce-row-content--top\" id=\"el-bbbbdbf5\" data-vce-do-apply=\"all el-bbbbdbf5\"><div class=\"vce-row-content\" data-vce-element-content=\"true\"><div class=\"vce-col vce-col--md-auto vce-col--xs-1 vce-col--xs-last vce-col--xs-first vce-col--sm-last vce-col--sm-first vce-col--md-last vce-col--lg-last vce-col--xl-last vce-col--md-first vce-col--lg-first vce-col--xl-first\" id=\"el-d39d4bdc\"><div class=\"vce-col-inner\" data-vce-do-apply=\"border margin background  el-d39d4bdc\"><div class=\"vce-col-content\" data-vce-element-content=\"true\" data-vce-do-apply=\"padding el-d39d4bdc\"><div class=\"vce-text-block fm-page-title text-uppercase text-green\"><div class=\"vce-text-block-wrapper vce\" id=\"el-e0e79c9f\" data-vce-do-apply=\"all el-e0e79c9f\"><h1 style=\"text-align: center;\">Cr\u00e9ation<\/h1><\/div><\/div><\/div><\/div><\/div><\/div><\/div><\/div><div class=\"vce-row-container\" data-vce-boxed-width=\"true\"><div class=\"vce-row vce-row--col-gap-30 vce-row-equal-height vce-row-content--top\" id=\"el-061e580f\" data-vce-do-apply=\"all el-061e580f\"><div class=\"vce-content-background-container\"><\/div><div class=\"vce-row-content\" data-vce-element-content=\"true\"><div class=\"vce-col vce-col--md-auto vce-col--xs-1 vce-col--xs-last vce-col--xs-first vce-col--sm-last vce-col--sm-first vce-col--md-last vce-col--lg-last vce-col--xl-last vce-col--md-first vce-col--lg-first vce-col--xl-first\" id=\"el-169f475a\"><div class=\"vce-col-inner\" data-vce-do-apply=\"border margin background  el-169f475a\"><div class=\"vce-col-content\" data-vce-element-content=\"true\" data-vce-do-apply=\"padding el-169f475a\"><div class=\"vce-shortcode fm-cv-grid fm-cv-grid-featured\"><div class=\"vce-shortcode-wrapper vce\" id=\"el-8412ab2b\" data-vce-do-apply=\"all el-8412ab2b\"><div class=\"pt-cv-wrapper\"><div class=\"pt-cv-view pt-cv-grid pt-cv-colsys pt-cv-pgregular\" id=\"pt-cv-view-8dc5edaxw2\"><div data-id=\"pt-cv-page-1\" class=\"pt-cv-page\" data-cvc=\"2\"><div class=\"col-md-6 col-sm-6 col-xs-12 pt-cv-content-item pt-cv-1-col\"  data-pid=\"4792\"><div class='pt-cv-ifield'><a href=\"https:\/\/floramedia.nl\/fr\/creation\/developpement-de-marque\/\" class=\"_self pt-cv-href-thumbnail pt-cv-thumb-default cvplbd\" target=\"_self\" ><img width=\"720\" height=\"460\" src=\"https:\/\/floramedia.nl\/wp-content\/uploads\/2021\/06\/floramedia-mimesis-brand-ontwikkeling-1-720x460.jpg\" class=\"pt-cv-thumbnail img-none\" alt=\"D\u00e9veloppement de Marque\" srcset=\"https:\/\/floramedia.nl\/wp-content\/uploads\/2021\/06\/floramedia-mimesis-brand-ontwikkeling-1-720x460.jpg\" sizes=\"(max-width: 720px) 100vw, 720px\" style=\"width:100%;height:63.89%;max-width:720px;\" \/><\/a>\n<div class=\"pt-cv-ctf-list\" data-cvc=\"1\"><div class=\"col-md-12 pt-cv-ctf-column\"><div class=\"pt-cv-custom-fields pt-cv-ctf-prod_short_name\"><div class=\"pt-cv-ctf-value\"><a href=\"https:\/\/floramedia.nl\/fr\/creation\/developpement-de-marque\/\">D\u00e9veloppement de marque<\/a><\/div><\/div><\/div><\/div><\/div><\/div>\n<div class=\"col-md-6 col-sm-6 col-xs-12 pt-cv-content-item pt-cv-1-col\"  data-pid=\"4800\"><div class='pt-cv-ifield'><a href=\"https:\/\/floramedia.nl\/fr\/creation\/developpement-de-concept\/\" class=\"_self pt-cv-href-thumbnail pt-cv-thumb-default cvplbd\" target=\"_self\" ><img width=\"720\" height=\"460\" src=\"https:\/\/floramedia.nl\/wp-content\/uploads\/2021\/06\/floramedia-concept-ontwikkeling-720x460.jpg\" class=\"pt-cv-thumbnail img-none\" alt=\"D\u00e9veloppement de Concept\" srcset=\"https:\/\/floramedia.nl\/wp-content\/uploads\/2021\/06\/floramedia-concept-ontwikkeling-720x460.jpg\" sizes=\"(max-width: 720px) 100vw, 720px\" style=\"width:100%;height:63.89%;max-width:720px;\" \/><\/a>\n<div class=\"pt-cv-ctf-list\" data-cvc=\"1\"><div class=\"col-md-12 pt-cv-ctf-column\"><div class=\"pt-cv-custom-fields pt-cv-ctf-prod_short_name\"><div class=\"pt-cv-ctf-value\"><a href=\"https:\/\/floramedia.nl\/fr\/creation\/developpement-de-concept\/\">D\u00e9veloppement de concept<\/a><\/div><\/div><\/div><\/div><\/div><\/div>\n<div class=\"col-md-6 col-sm-6 col-xs-12 pt-cv-content-item pt-cv-1-col\"  data-pid=\"4804\"><div class='pt-cv-ifield'><a href=\"https:\/\/floramedia.nl\/fr\/creation\/graphisme\/\" class=\"_self pt-cv-href-thumbnail pt-cv-thumb-default cvplbd\" target=\"_self\" ><img width=\"720\" height=\"460\" src=\"https:\/\/floramedia.nl\/wp-content\/uploads\/2021\/06\/floramedia-vormgeving-design-720x460.jpg\" class=\"pt-cv-thumbnail img-none\" alt=\"Graphisme\" srcset=\"https:\/\/floramedia.nl\/wp-content\/uploads\/2021\/06\/floramedia-vormgeving-design-720x460.jpg\" sizes=\"(max-width: 720px) 100vw, 720px\" style=\"width:100%;height:63.89%;max-width:720px;\" \/><\/a>\n<div class=\"pt-cv-ctf-list\" data-cvc=\"1\"><div class=\"col-md-12 pt-cv-ctf-column\"><div class=\"pt-cv-custom-fields pt-cv-ctf-prod_short_name\"><div class=\"pt-cv-ctf-value\"><a href=\"https:\/\/floramedia.nl\/fr\/creation\/graphisme\/\">Graphisme<\/a><\/div><\/div><\/div><\/div><\/div><\/div>\n<div class=\"col-md-6 col-sm-6 col-xs-12 pt-cv-content-item pt-cv-1-col\"  data-pid=\"4808\"><div class='pt-cv-ifield'><a href=\"https:\/\/floramedia.nl\/fr\/creation\/graphisme-emballages\/\" class=\"_self pt-cv-href-thumbnail pt-cv-thumb-default cvplbd\" target=\"_self\" ><img width=\"720\" height=\"460\" src=\"https:\/\/floramedia.nl\/wp-content\/uploads\/2021\/06\/floramedia-verpakking-ontwikkeling-720x460.jpg\" class=\"pt-cv-thumbnail img-none\" alt=\"Graphisme emballages\" srcset=\"https:\/\/floramedia.nl\/wp-content\/uploads\/2021\/06\/floramedia-verpakking-ontwikkeling-720x460.jpg\" sizes=\"(max-width: 720px) 100vw, 720px\" style=\"width:100%;height:63.89%;max-width:720px;\" \/><\/a>\n<div class=\"pt-cv-ctf-list\" data-cvc=\"1\"><div class=\"col-md-12 pt-cv-ctf-column\"><div class=\"pt-cv-custom-fields pt-cv-ctf-prod_short_name\"><div class=\"pt-cv-ctf-value\"><a href=\"https:\/\/floramedia.nl\/fr\/creation\/graphisme-emballages\/\">Graphisme emballages<\/a><\/div><\/div><\/div><\/div><\/div><\/div><\/div><\/div><\/div>\t\t\t<style type=\"text\/css\" id=\"pt-cv-inline-style-79ed538m2b\">#pt-cv-view-8dc5edaxw2 .pt-cv-title a, #pt-cv-view-8dc5edaxw2  .panel-title { font-weight: 600 !important; }\n#pt-cv-view-8dc5edaxw2  + .pt-cv-pagination-wrapper .pt-cv-more-inactive , #pt-cv-view-8dc5edaxw2  + .pt-cv-pagination-wrapper .pagination a, .pt-cv-pagination[data-sid='8dc5edaxw2'] a { font-size: 18px !important; line-height: 1.3 !important; color: #000000 !important; background-color: #ffffff !important; }\n#pt-cv-view-8dc5edaxw2  + .pt-cv-pagination-wrapper .pt-cv-more , #pt-cv-view-8dc5edaxw2  + .pt-cv-pagination-wrapper .pagination .active a, .pt-cv-pagination[data-sid='8dc5edaxw2'] .active a { font-size: 18px !important; line-height: 1.3 !important; color: #789c4a !important; background-color: #ffffff !important; }<\/style>\r\n\t\t\t<\/div><\/div><\/div><\/div><\/div><\/div><\/div><\/div><div class=\"vce-row-container\" data-vce-boxed-width=\"true\"><div class=\"vce-row vce-row--col-gap-30 vce-row-equal-height vce-row-content--middle\" id=\"el-d8ce94dd\" data-vce-do-apply=\"all el-d8ce94dd\"><div class=\"vce-content-background-container\"><\/div><div class=\"vce-row-content\" data-vce-element-content=\"true\"><div class=\"vce-col vce-col--md-66-66p vce-col--xs-1 vce-col--xs-last vce-col--xs-first vce-col--sm-last vce-col--sm-first vce-col--md-first vce-col--lg-first vce-col--xl-first\" id=\"el-367c3930\"><div class=\"vce-col-inner\" data-vce-do-apply=\"border margin background  el-367c3930\"><div class=\"vce-content-background-container\"><\/div><div class=\"vce-col-content\" data-vce-element-content=\"true\" data-vce-do-apply=\"padding el-367c3930\"><div class=\"vce-text-block font-xxl m-0\"><div class=\"vce-text-block-wrapper vce\" id=\"el-a5c860fb\" data-vce-do-apply=\"all el-a5c860fb\"><p><span style=\"font-size: 27pt;\"><strong>Vous avez une question ou un projet ? Laissez vos coordonn\u00e9es ici. Nos responsables de comptes sont pr\u00eats \u00e0 vous aider.<\/strong><\/span><\/p><\/div><\/div><\/div><\/div><\/div><div class=\"vce-col vce-col--md-33-33p vce-col--xs-1 vce-col--xs-last vce-col--xs-first vce-col--sm-last vce-col--sm-first vce-col--md-last vce-col--lg-last vce-col--xl-last\" id=\"el-aaec2b60\"><div class=\"vce-col-inner\" data-vce-do-apply=\"border margin background  el-aaec2b60\"><div class=\"vce-content-background-container\"><\/div><div class=\"vce-col-content\" data-vce-element-content=\"true\" data-vce-do-apply=\"padding el-aaec2b60\"><div class=\"vce-button--style-basic-container fm-btn mob-left vce-button--style-basic-container--align-right\"><span class=\"vce-button--style-basic-wrapper vce\" id=\"el-c55ab06c\" data-vce-do-apply=\"margin el-c55ab06c\"><a class=\"vce-button vce-button--style-basic vce-button--style-basic--border-square vce-button--style-basic--size-large vce-button--style-basic--color-b-120-156-74--fff\" href=\"#vcv-popup-5165\" data-vce-do-apply=\"padding border background  el-c55ab06c\">contactez-nous<\/a><\/span><\/div><\/div><\/div><\/div><\/div><\/div><\/div>","protected":false},"excerpt":{"rendered":"<p>Vous avez une question ou un projet ? Laissez vos coordonn\u00e9es ici. Nos responsables de comptes sont pr\u00eats \u00e0 vous aider.contactez-nous<\/p>\n","protected":false},"author":3,"featured_media":0,"parent":0,"menu_order":0,"comment_status":"closed","ping_status":"closed","template":"","meta":{"_acf_changed":false,"inline_featured_image":false,"footnotes":""},"class_list":["post-4937","page","type-page","status-publish","hentry","entry"],"acf":[],"yoast_head":"<!-- This site is optimized with the Yoast SEO plugin v27.4 - https:\/\/yoast.com\/product\/yoast-seo-wordpress\/ -->\n<title>Cr\u00e9ation | Concepts et produits cr\u00e9atifs | Floramedia.nl<\/title>\n<meta name=\"robots\" content=\"index, follow, max-snippet:-1, max-image-preview:large, max-video-preview:-1\" \/>\n<link rel=\"canonical\" href=\"https:\/\/floramedia.nl\/fr\/creation\/\" \/>\n<meta property=\"og:locale\" content=\"fr_FR\" \/>\n<meta property=\"og:type\" content=\"article\" \/>\n<meta property=\"og:title\" content=\"Cr\u00e9ation | Concepts et produits cr\u00e9atifs | Floramedia.nl\" \/>\n<meta property=\"og:description\" content=\"Vous avez une question ou un projet ? Laissez vos coordonn\u00e9es ici. Nos responsables de comptes sont pr\u00eats \u00e0 vous aider.contactez-nous\" \/>\n<meta property=\"og:url\" content=\"https:\/\/floramedia.nl\/fr\/creation\/\" \/>\n<meta property=\"og:site_name\" content=\"Floramedia.nl\" \/>\n<meta property=\"article:modified_time\" content=\"2023-05-29T05:31:27+00:00\" \/>\n<meta name=\"twitter:card\" content=\"summary_large_image\" \/>\n<script type=\"application\/ld+json\" class=\"yoast-schema-graph\">{\"@context\":\"https:\\\/\\\/schema.org\",\"@graph\":[{\"@type\":\"WebPage\",\"@id\":\"https:\\\/\\\/floramedia.nl\\\/fr\\\/creation\\\/\",\"url\":\"https:\\\/\\\/floramedia.nl\\\/fr\\\/creation\\\/\",\"name\":\"Cr\u00e9ation | Concepts et produits cr\u00e9atifs | Floramedia.nl\",\"isPartOf\":{\"@id\":\"https:\\\/\\\/floramedia.nl\\\/fr\\\/#website\"},\"datePublished\":\"2021-06-15T12:42:34+00:00\",\"dateModified\":\"2023-05-29T05:31:27+00:00\",\"breadcrumb\":{\"@id\":\"https:\\\/\\\/floramedia.nl\\\/fr\\\/creation\\\/#breadcrumb\"},\"inLanguage\":\"fr-FR\",\"potentialAction\":[{\"@type\":\"ReadAction\",\"target\":[\"https:\\\/\\\/floramedia.nl\\\/fr\\\/creation\\\/\"]}]},{\"@type\":\"BreadcrumbList\",\"@id\":\"https:\\\/\\\/floramedia.nl\\\/fr\\\/creation\\\/#breadcrumb\",\"itemListElement\":[{\"@type\":\"ListItem\",\"position\":1,\"name\":\"Home\",\"item\":\"https:\\\/\\\/floramedia.nl\\\/fr\\\/\"},{\"@type\":\"ListItem\",\"position\":2,\"name\":\"Cr\u00e9ation\"}]},{\"@type\":\"WebSite\",\"@id\":\"https:\\\/\\\/floramedia.nl\\\/fr\\\/#website\",\"url\":\"https:\\\/\\\/floramedia.nl\\\/fr\\\/\",\"name\":\"Floramedia.nl\",\"description\":\"Communication and marketing partner for the green sector\",\"potentialAction\":[{\"@type\":\"SearchAction\",\"target\":{\"@type\":\"EntryPoint\",\"urlTemplate\":\"https:\\\/\\\/floramedia.nl\\\/fr\\\/?s={search_term_string}\"},\"query-input\":{\"@type\":\"PropertyValueSpecification\",\"valueRequired\":true,\"valueName\":\"search_term_string\"}}],\"inLanguage\":\"fr-FR\"}]}<\/script>\n<!-- \/ Yoast SEO plugin. -->","yoast_head_json":{"title":"Cr\u00e9ation | Concepts et produits cr\u00e9atifs | Floramedia.nl","robots":{"index":"index","follow":"follow","max-snippet":"max-snippet:-1","max-image-preview":"max-image-preview:large","max-video-preview":"max-video-preview:-1"},"canonical":"https:\/\/floramedia.nl\/fr\/creation\/","og_locale":"fr_FR","og_type":"article","og_title":"Cr\u00e9ation | Concepts et produits cr\u00e9atifs | Floramedia.nl","og_description":"Vous avez une question ou un projet ? Laissez vos coordonn\u00e9es ici. Nos responsables de comptes sont pr\u00eats \u00e0 vous aider.contactez-nous","og_url":"https:\/\/floramedia.nl\/fr\/creation\/","og_site_name":"Floramedia.nl","article_modified_time":"2023-05-29T05:31:27+00:00","twitter_card":"summary_large_image","schema":{"@context":"https:\/\/schema.org","@graph":[{"@type":"WebPage","@id":"https:\/\/floramedia.nl\/fr\/creation\/","url":"https:\/\/floramedia.nl\/fr\/creation\/","name":"Cr\u00e9ation | Concepts et produits cr\u00e9atifs | Floramedia.nl","isPartOf":{"@id":"https:\/\/floramedia.nl\/fr\/#website"},"datePublished":"2021-06-15T12:42:34+00:00","dateModified":"2023-05-29T05:31:27+00:00","breadcrumb":{"@id":"https:\/\/floramedia.nl\/fr\/creation\/#breadcrumb"},"inLanguage":"fr-FR","potentialAction":[{"@type":"ReadAction","target":["https:\/\/floramedia.nl\/fr\/creation\/"]}]},{"@type":"BreadcrumbList","@id":"https:\/\/floramedia.nl\/fr\/creation\/#breadcrumb","itemListElement":[{"@type":"ListItem","position":1,"name":"Home","item":"https:\/\/floramedia.nl\/fr\/"},{"@type":"ListItem","position":2,"name":"Cr\u00e9ation"}]},{"@type":"WebSite","@id":"https:\/\/floramedia.nl\/fr\/#website","url":"https:\/\/floramedia.nl\/fr\/","name":"Floramedia.nl","description":"Communication and marketing partner for the green sector","potentialAction":[{"@type":"SearchAction","target":{"@type":"EntryPoint","urlTemplate":"https:\/\/floramedia.nl\/fr\/?s={search_term_string}"},"query-input":{"@type":"PropertyValueSpecification","valueRequired":true,"valueName":"search_term_string"}}],"inLanguage":"fr-FR"}]}},"_links":{"self":[{"href":"https:\/\/floramedia.nl\/fr\/wp-json\/wp\/v2\/pages\/4937","targetHints":{"allow":["GET"]}}],"collection":[{"href":"https:\/\/floramedia.nl\/fr\/wp-json\/wp\/v2\/pages"}],"about":[{"href":"https:\/\/floramedia.nl\/fr\/wp-json\/wp\/v2\/types\/page"}],"author":[{"embeddable":true,"href":"https:\/\/floramedia.nl\/fr\/wp-json\/wp\/v2\/users\/3"}],"replies":[{"embeddable":true,"href":"https:\/\/floramedia.nl\/fr\/wp-json\/wp\/v2\/comments?post=4937"}],"version-history":[{"count":0,"href":"https:\/\/floramedia.nl\/fr\/wp-json\/wp\/v2\/pages\/4937\/revisions"}],"wp:attachment":[{"href":"https:\/\/floramedia.nl\/fr\/wp-json\/wp\/v2\/media?parent=4937"}],"curies":[{"name":"wp","href":"https:\/\/api.w.org\/{rel}","templated":true}]}}