{"id":4938,"date":"2021-05-25T16:57:26","date_gmt":"2021-05-25T16:57:26","guid":{"rendered":"https:\/\/floramedia.nl\/disclaimer\/"},"modified":"2023-01-02T17:07:29","modified_gmt":"2023-01-02T16:07:29","slug":"mentions-legales","status":"publish","type":"page","link":"https:\/\/floramedia.nl\/fr\/mentions-legales\/","title":{"rendered":"Mentions L\u00e9gales"},"content":{"rendered":"<div class=\"vce-row-container\" data-vce-boxed-width=\"true\"><div class=\"vce-row vce-row--col-gap-30 vce-row-equal-height vce-row-content--top\" id=\"el-2e16a590\" data-vce-do-apply=\"all el-2e16a590\"><div class=\"vce-content-background-container\"><\/div><div class=\"vce-row-content\" data-vce-element-content=\"true\"><div class=\"vce-col vce-col--md-auto vce-col--xs-1 vce-col--xs-last vce-col--xs-first vce-col--sm-last vce-col--sm-first vce-col--md-last vce-col--lg-last vce-col--xl-last vce-col--md-first vce-col--lg-first vce-col--xl-first\" id=\"el-761821ac\"><div class=\"vce-col-inner\" data-vce-do-apply=\"border margin background  el-761821ac\"><div class=\"vce-col-content\" data-vce-element-content=\"true\" data-vce-do-apply=\"padding el-761821ac\"><div class=\"vce-text-block fm-page-title text-uppercase text-green\"><div class=\"vce-text-block-wrapper vce\" id=\"el-b308220a\" data-vce-do-apply=\"all el-b308220a\"><h1>Mentions L\u00e9gales<\/h1><\/div><\/div><div class=\"vce-text-block\"><div class=\"vce-text-block-wrapper vce\" id=\"el-7dccf742\" data-vce-do-apply=\"all el-7dccf742\"><p>En utilisant le site internet <a href=\"https:\/\/floramedia.nl\/fr\/\">floramedia.nl<\/a>, vous acceptez les termes et conditions \u00e9nonc\u00e9s ci-dessous. Floramedia accorde une attention constante au contenu et \u00e0 la maintenance de ses sites web. N\u00e9anmoins, il est possible que les informations de ce site web contiennent des erreurs, des fautes et des contradictions. En outre, Floramedia ne peut garantir le fonctionnement sans erreurs du site. Par cons\u00e9quent, le contenu du site ne donne lieu \u00e0 aucun droit pour l\u2019utilisateur.<\/p>\n<p>Les informations fournies le sont \u00e0 titre indicatif et peuvent \u00eatre modifi\u00e9es \u00e0 tout moment sans pr\u00e9avis. Aucun droit ne peut \u00eatre tir\u00e9 par l'utilisateur des informations contenues sur ce site. Ni Floramedia ni les fournisseurs (et fournisseurs potentiels) qui fournissent des informations pour ce site ne peuvent \u00eatre tenus responsables de son contenu et des informations fournies.<\/p>\n<p>Floramedia d\u00e9cline toute responsabilit\u00e9 quant au contenu des sites internet cit\u00e9s en lien sur son site. L\u2019utilisateur du site est responsable du choix et de l'utilisation de ces informations. Floramedia n'est en aucun cas responsable de tout dommage direct ou indirect d\u00e9coulant de ou en rapport avec les informations et\/ou documents mis \u00e0 disposition sur ce site. Floramedia n'est pas non plus responsable de tout dommage direct ou indirect r\u00e9sultant de ou li\u00e9 \u00e0 la fourniture \u00e9lectronique d'informations et\/ou de documents par l'utilisateur.<\/p>\n<h2>Propri\u00e9t\u00e9 intellectuelle<\/h2>\n<p>Floramedia se r\u00e9serve tous les droits (droits d'auteur, marques et brevets) relatifs aux informations contenues sur ce site (y compris les textes, le mat\u00e9riel graphique, le design, les photos, les vid\u00e9os, les images et les logos). \u00c0 l'exception d'un usage personnel, il est express\u00e9ment interdit de transmettre, reproduire, publier ou distribuer le contenu de ce site de quelque mani\u00e8re que ce soit sans l'autorisation \u00e9crite expresse de Floramedia.<\/p>\n<h2>Politique de confidentialit\u00e9<\/h2>\n<p>Floramedia respecte la vie priv\u00e9e de tous les utilisateurs de son site internet et fait tout son possible pour que les informations personnelles de l'utilisateur soient trait\u00e9es de mani\u00e8re confidentielle. Les donn\u00e9es personnelles que vous placez sur le site seront utilis\u00e9es dans un but pr\u00e9cis. Ces informations ne seront pas vendues \u00e0 des tiers, mais seront accessibles aux personnes impliqu\u00e9es dans le traitement et l\u2019ex\u00e9cution de votre commande ou de votre demande. Toutes les informations fournies \u00e0 Floramedia peuvent \u00eatre utilis\u00e9es par Floramedia pour am\u00e9liorer les services qui vous sont propos\u00e9s, \u00e0 moins que vous n'exprimiez votre opposition par \u00e9crit \u00e0 Floramedia. Consultez \u00e9galement notre <a href=\"https:\/\/floramedia.nl\/fr\/politique-confidentialite\/\">politique de confidentialit\u00e9<\/a>.<\/p>\n<h2>Cookies<\/h2>\n<p>Votre visite sur ce site est enregistr\u00e9e au moyen de cookies. Les cookies sont de petits paquets d\u2019informations enregistr\u00e9s par votre navigateur sur votre ordinateur. Les cookies rassemblent des informations concernant l\u2019utilisation de nos services afin que nous puissions les am\u00e9liorer ou les adapter aux souhaits et aux besoins de nos visiteurs. Toutes les informations recueillies par Floramedia au moyen de cookies le sont dans le but exclusif de rendre notre site plus agr\u00e9able \u00e0 utiliser. Vous pouvez modifier les param\u00e8tres de votre navigateur de mani\u00e8re \u00e0 ne recevoir aucun cookie pendant que vous utilisez nos sites. Consultez \u00e9galement notre <a href=\"https:\/\/floramedia.nl\/fr\/cookies\/\">politique de gestion des cookies<\/a>.<\/p><\/div><\/div><\/div><\/div><\/div><\/div><\/div><\/div>","protected":false},"excerpt":{"rendered":"<p>En utilisant le site internet floramedia.nl, vous acceptez les termes et conditions \u00e9nonc\u00e9s ci-dessous. Floramedia accorde une attention constante au contenu et \u00e0 la maintenance de ses sites web. N\u00e9anmoins, il est possible que les informations de ce site web contiennent des erreurs, des fautes et des contradictions. En outre, Floramedia ne peut garantir le&hellip; <a class=\"more-link\" href=\"https:\/\/floramedia.nl\/fr\/mentions-legales\/\">Poursuivre la lecture <span class=\"screen-reader-text\">Mentions L\u00e9gales<\/span><\/a><\/p>\n","protected":false},"author":1,"featured_media":0,"parent":0,"menu_order":0,"comment_status":"closed","ping_status":"closed","template":"","meta":{"_acf_changed":false,"inline_featured_image":false,"footnotes":""},"class_list":["post-4938","page","type-page","status-publish","hentry","entry"],"acf":[],"yoast_head":"<!-- This site is optimized with the Yoast SEO plugin v27.3 - https:\/\/yoast.com\/product\/yoast-seo-wordpress\/ -->\n<title>Mentions L\u00e9gales | Floramedia.nl<\/title>\n<meta name=\"description\" content=\"Read our disclaimer.\" \/>\n<meta name=\"robots\" content=\"index, follow, max-snippet:-1, max-image-preview:large, max-video-preview:-1\" \/>\n<link rel=\"canonical\" href=\"https:\/\/floramedia.nl\/fr\/mentions-legales\/\" \/>\n<meta property=\"og:locale\" content=\"fr_FR\" \/>\n<meta property=\"og:type\" content=\"article\" \/>\n<meta property=\"og:title\" content=\"Mentions L\u00e9gales | Floramedia.nl\" \/>\n<meta property=\"og:description\" content=\"Read our disclaimer.\" \/>\n<meta property=\"og:url\" content=\"https:\/\/floramedia.nl\/fr\/mentions-legales\/\" \/>\n<meta property=\"og:site_name\" content=\"Floramedia.nl\" \/>\n<meta property=\"article:modified_time\" content=\"2023-01-02T16:07:29+00:00\" \/>\n<meta name=\"twitter:card\" content=\"summary_large_image\" \/>\n<meta name=\"twitter:label1\" content=\"Dur\u00e9e de lecture estim\u00e9e\" \/>\n\t<meta name=\"twitter:data1\" content=\"3 minutes\" \/>\n<script type=\"application\/ld+json\" class=\"yoast-schema-graph\">{\"@context\":\"https:\\\/\\\/schema.org\",\"@graph\":[{\"@type\":\"WebPage\",\"@id\":\"https:\\\/\\\/floramedia.nl\\\/fr\\\/mentions-legales\\\/\",\"url\":\"https:\\\/\\\/floramedia.nl\\\/fr\\\/mentions-legales\\\/\",\"name\":\"Mentions L\u00e9gales | Floramedia.nl\",\"isPartOf\":{\"@id\":\"https:\\\/\\\/floramedia.nl\\\/fr\\\/#website\"},\"datePublished\":\"2021-05-25T16:57:26+00:00\",\"dateModified\":\"2023-01-02T16:07:29+00:00\",\"description\":\"Read our disclaimer.\",\"breadcrumb\":{\"@id\":\"https:\\\/\\\/floramedia.nl\\\/fr\\\/mentions-legales\\\/#breadcrumb\"},\"inLanguage\":\"fr-FR\",\"potentialAction\":[{\"@type\":\"ReadAction\",\"target\":[\"https:\\\/\\\/floramedia.nl\\\/fr\\\/mentions-legales\\\/\"]}]},{\"@type\":\"BreadcrumbList\",\"@id\":\"https:\\\/\\\/floramedia.nl\\\/fr\\\/mentions-legales\\\/#breadcrumb\",\"itemListElement\":[{\"@type\":\"ListItem\",\"position\":1,\"name\":\"Home\",\"item\":\"https:\\\/\\\/floramedia.nl\\\/fr\\\/\"},{\"@type\":\"ListItem\",\"position\":2,\"name\":\"Mentions L\u00e9gales\"}]},{\"@type\":\"WebSite\",\"@id\":\"https:\\\/\\\/floramedia.nl\\\/fr\\\/#website\",\"url\":\"https:\\\/\\\/floramedia.nl\\\/fr\\\/\",\"name\":\"Floramedia.nl\",\"description\":\"Communication and marketing partner for the green sector\",\"potentialAction\":[{\"@type\":\"SearchAction\",\"target\":{\"@type\":\"EntryPoint\",\"urlTemplate\":\"https:\\\/\\\/floramedia.nl\\\/fr\\\/?s={search_term_string}\"},\"query-input\":{\"@type\":\"PropertyValueSpecification\",\"valueRequired\":true,\"valueName\":\"search_term_string\"}}],\"inLanguage\":\"fr-FR\"}]}<\/script>\n<!-- \/ Yoast SEO plugin. -->","yoast_head_json":{"title":"Mentions L\u00e9gales | Floramedia.nl","description":"Read our disclaimer.","robots":{"index":"index","follow":"follow","max-snippet":"max-snippet:-1","max-image-preview":"max-image-preview:large","max-video-preview":"max-video-preview:-1"},"canonical":"https:\/\/floramedia.nl\/fr\/mentions-legales\/","og_locale":"fr_FR","og_type":"article","og_title":"Mentions L\u00e9gales | Floramedia.nl","og_description":"Read our disclaimer.","og_url":"https:\/\/floramedia.nl\/fr\/mentions-legales\/","og_site_name":"Floramedia.nl","article_modified_time":"2023-01-02T16:07:29+00:00","twitter_card":"summary_large_image","twitter_misc":{"Dur\u00e9e de lecture estim\u00e9e":"3 minutes"},"schema":{"@context":"https:\/\/schema.org","@graph":[{"@type":"WebPage","@id":"https:\/\/floramedia.nl\/fr\/mentions-legales\/","url":"https:\/\/floramedia.nl\/fr\/mentions-legales\/","name":"Mentions L\u00e9gales | Floramedia.nl","isPartOf":{"@id":"https:\/\/floramedia.nl\/fr\/#website"},"datePublished":"2021-05-25T16:57:26+00:00","dateModified":"2023-01-02T16:07:29+00:00","description":"Read our disclaimer.","breadcrumb":{"@id":"https:\/\/floramedia.nl\/fr\/mentions-legales\/#breadcrumb"},"inLanguage":"fr-FR","potentialAction":[{"@type":"ReadAction","target":["https:\/\/floramedia.nl\/fr\/mentions-legales\/"]}]},{"@type":"BreadcrumbList","@id":"https:\/\/floramedia.nl\/fr\/mentions-legales\/#breadcrumb","itemListElement":[{"@type":"ListItem","position":1,"name":"Home","item":"https:\/\/floramedia.nl\/fr\/"},{"@type":"ListItem","position":2,"name":"Mentions L\u00e9gales"}]},{"@type":"WebSite","@id":"https:\/\/floramedia.nl\/fr\/#website","url":"https:\/\/floramedia.nl\/fr\/","name":"Floramedia.nl","description":"Communication and marketing partner for the green sector","potentialAction":[{"@type":"SearchAction","target":{"@type":"EntryPoint","urlTemplate":"https:\/\/floramedia.nl\/fr\/?s={search_term_string}"},"query-input":{"@type":"PropertyValueSpecification","valueRequired":true,"valueName":"search_term_string"}}],"inLanguage":"fr-FR"}]}},"_links":{"self":[{"href":"https:\/\/floramedia.nl\/fr\/wp-json\/wp\/v2\/pages\/4938","targetHints":{"allow":["GET"]}}],"collection":[{"href":"https:\/\/floramedia.nl\/fr\/wp-json\/wp\/v2\/pages"}],"about":[{"href":"https:\/\/floramedia.nl\/fr\/wp-json\/wp\/v2\/types\/page"}],"author":[{"embeddable":true,"href":"https:\/\/floramedia.nl\/fr\/wp-json\/wp\/v2\/users\/1"}],"replies":[{"embeddable":true,"href":"https:\/\/floramedia.nl\/fr\/wp-json\/wp\/v2\/comments?post=4938"}],"version-history":[{"count":0,"href":"https:\/\/floramedia.nl\/fr\/wp-json\/wp\/v2\/pages\/4938\/revisions"}],"wp:attachment":[{"href":"https:\/\/floramedia.nl\/fr\/wp-json\/wp\/v2\/media?parent=4938"}],"curies":[{"name":"wp","href":"https:\/\/api.w.org\/{rel}","templated":true}]}}