{"id":4941,"date":"2021-05-16T11:39:42","date_gmt":"2021-05-16T11:39:42","guid":{"rendered":"https:\/\/floramedia.nl\/europees-netwerk\/"},"modified":"2023-05-29T06:29:07","modified_gmt":"2023-05-29T05:29:07","slug":"reseau-europeen","status":"publish","type":"page","link":"https:\/\/floramedia.nl\/fr\/reseau-europeen\/","title":{"rendered":"R\u00e9seau Europ\u00e9en"},"content":{"rendered":"<div class=\"vce-row-container\" data-vce-boxed-width=\"true\"><div class=\"vce-row vce-row--col-gap-30 vce-row-equal-height vce-row-content--top\" id=\"el-7ef92919\" data-vce-do-apply=\"all el-7ef92919\"><div class=\"vce-content-background-container\"><\/div><div class=\"vce-row-content\" data-vce-element-content=\"true\"><div class=\"vce-col vce-col--md-auto vce-col--xs-1 vce-col--xs-last vce-col--xs-first vce-col--sm-last vce-col--sm-first vce-col--md-last vce-col--lg-last vce-col--xl-last vce-col--md-first vce-col--lg-first vce-col--xl-first\" id=\"el-76716b2b\"><div class=\"vce-col-inner\" data-vce-do-apply=\"border margin background  el-76716b2b\"><div class=\"vce-content-background-container\"><\/div><div class=\"vce-col-content\" data-vce-element-content=\"true\" data-vce-do-apply=\"padding el-76716b2b\"><div class=\"vce-text-block fm-page-title text-uppercase text-green\"><div class=\"vce-text-block-wrapper vce\" id=\"el-a64b9752\" data-vce-do-apply=\"all el-a64b9752\"><h1 style=\"text-align: center;\">R\u00e9seau Europ\u00e9en<\/h1><\/div><\/div><div class=\"vce-row-container\" data-vce-boxed-width=\"true\"><div class=\"vce-row vce-row--col-gap-30 vce-row-equal-height vce-row-content--top\" id=\"el-88e902f2\" data-vce-do-apply=\"all el-88e902f2\"><div class=\"vce-content-background-container\"><\/div><div class=\"vce-row-content\" data-vce-element-content=\"true\"><div class=\"vce-col vce-col--xs-100p vce-col--xs-visible vce-col--xs-last vce-col--xs-first vce-col--sm-100p vce-col--sm-visible vce-col--sm-last vce-col--sm-first vce-col--md-15p vce-col--md-visible vce-col--md-first vce-col--lg-15p vce-col--lg-visible vce-col--lg-first vce-col--xl-25p vce-col--xl-visible vce-col--xl-first\" id=\"el-8daf5471\"><div class=\"vce-col-inner\" data-vce-do-apply=\"border margin background  el-8daf5471\"><div class=\"vce-col-content\" data-vce-element-content=\"true\" data-vce-do-apply=\"padding el-8daf5471\"><div><\/div><\/div><\/div><\/div><div class=\"vce-col vce-col--xs-100p vce-col--xs-visible vce-col--xs-last vce-col--xs-first vce-col--sm-100p vce-col--sm-visible vce-col--sm-last vce-col--sm-first vce-col--md-70p vce-col--md-visible vce-col--lg-70p vce-col--lg-visible vce-col--xl-50p vce-col--xl-visible\" id=\"el-b1f279e8\"><div class=\"vce-col-inner\" data-vce-do-apply=\"border margin background  el-b1f279e8\"><div class=\"vce-content-background-container\"><\/div><div class=\"vce-col-content\" data-vce-element-content=\"true\" data-vce-do-apply=\"padding el-b1f279e8\"><div class=\"vce-text-block mob-left\"><div class=\"vce-text-block-wrapper vce\" id=\"el-4f1ef736\" data-vce-do-apply=\"all el-4f1ef736\"><p><span style=\"font-weight: 400;\">Floramedia est leader des solutions de communication et d'impression pour le march\u00e9 horticole \u00e0 l'\u00e9chelle internationale. Nous valorisons une approche commune et cherchons activement \u00e0 entrer en contact avec tous les acteurs du secteur. Par cons\u00e9quent, nous pouvons compter sur un solide r\u00e9seau constitu\u00e9 de s\u00e9lectionneurs, producteurs, exportateurs et d'autres partenaires de la fili\u00e8re.&nbsp;<\/span><\/p><\/div><\/div><\/div><\/div><\/div><div class=\"vce-col vce-col--xs-100p vce-col--xs-visible vce-col--xs-last vce-col--xs-first vce-col--sm-100p vce-col--sm-visible vce-col--sm-last vce-col--sm-first vce-col--md-15p vce-col--md-visible vce-col--md-last vce-col--lg-15p vce-col--lg-visible vce-col--lg-last vce-col--xl-25p vce-col--xl-visible vce-col--xl-last\" id=\"el-1bacc14e\"><div class=\"vce-col-inner\" data-vce-do-apply=\"border margin background  el-1bacc14e\"><div class=\"vce-col-content\" data-vce-element-content=\"true\" data-vce-do-apply=\"padding el-1bacc14e\"><div><\/div><\/div><\/div><\/div><\/div><\/div><\/div><\/div><\/div><\/div><\/div><\/div><\/div><div class=\"vce-row-container\"><div class=\"vce-row vce-element--xl--has-background vce-element--lg--has-background vce-element--md--has-background vce-element--sm--has-background vce-element--xs--has-background vce-row--col-gap-30 vce-row-equal-height vce-row-content--top\" data-vce-full-width=\"true\" id=\"el-2e403da0\" data-vce-do-apply=\"all el-2e403da0\"><div class=\"vce-content-background-container\"><\/div><div class=\"vce-row-content\" data-vce-element-content=\"true\"><div class=\"vce-col vce-col--md-16-66p vce-col--xs-1 vce-col--xs-last vce-col--xs-first vce-col--sm-last vce-col--sm-first vce-col--md-first vce-col--lg-first vce-col--xl-first\" id=\"el-ba006e5c\"><div class=\"vce-col-inner\" data-vce-do-apply=\"border margin background  el-ba006e5c\"><div class=\"vce-col-content\" data-vce-element-content=\"true\" data-vce-do-apply=\"padding el-ba006e5c\"><div><\/div><\/div><\/div><\/div><div class=\"vce-col vce-col--md-66-66p vce-col--xs-1 vce-col--xs-last vce-col--xs-first vce-col--sm-last vce-col--sm-first\" id=\"el-9bda5b16\"><div class=\"vce-col-inner\" data-vce-do-apply=\"border margin background  el-9bda5b16\"><div class=\"vce-col-content\" data-vce-element-content=\"true\" data-vce-do-apply=\"padding el-9bda5b16\"><div class=\"vce-text-block  fm mob-left\"><div class=\"vce-text-block-wrapper vce\" id=\"el-10414208\" data-vce-do-apply=\"all el-10414208\"><h2 style=\"line-height: 1; text-align: center;\"><span style=\"color: #ffffff;\">FLORAMEDIA GROUP<\/span><\/h2><\/div><\/div><div class=\"vce-text-block t-24\" id=\"text-white\"><div class=\"vce-text-block-wrapper vce\" id=\"el-9d7b4d75\" data-vce-do-apply=\"all el-9d7b4d75\"><p style=\"text-align: left;\"><span style=\"font-weight: 400; color: #ffffff;\">Floramedia compte sept succursales qui repr\u00e9sentent l'ensemble de l'Europe et dix concessionnaires hors Europe. Dans le monde entier, vous avez acc\u00e8s \u00e0 des partenaires passionn\u00e9s qui parlent votre langue, celle des producteurs et des consommateurs. Cette particularit\u00e9 nous permet de tenir compte au mieux de la culture et des habitudes locales.&nbsp;<\/span><\/p><\/div><\/div><div class=\"vce-row-container\" data-vce-boxed-width=\"true\"><div class=\"vce-row vce-row--col-gap-30 vce-row-equal-height vce-row-content--top\" id=\"el-fa14ba15\" data-vce-do-apply=\"all el-fa14ba15\"><div class=\"vce-content-background-container\"><\/div><div class=\"vce-row-content\" data-vce-element-content=\"true\"><div class=\"vce-col vce-col--xs-100p vce-col--xs-visible vce-col--xs-last vce-col--xs-first vce-col--sm-100p vce-col--sm-visible vce-col--sm-last vce-col--sm-first vce-col--md-auto vce-col--md-visible vce-col--md-first vce-col--lg-auto vce-col--lg-visible vce-col--lg-first vce-col--xl-auto vce-col--xl-visible vce-col--xl-first\" id=\"el-d2af251c\"><div class=\"vce-col-inner\" data-vce-do-apply=\"border margin background  el-d2af251c\"><div class=\"vce-col-content\" data-vce-element-content=\"true\" data-vce-do-apply=\"padding el-d2af251c\"><div class=\"vce-text-block\"><div class=\"vce-text-block-wrapper vce\" id=\"el-2d426205\" data-vce-do-apply=\"all el-2d426205\"><p style=\"text-align: left;\"><span style=\"color: #ffffff;\"><a style=\"color: #ffffff;\" href=\"https:\/\/floramedia.de\" target=\"_blank\" rel=\"noopener\">Allemagne<\/a><\/span><\/p>\n<p style=\"text-align: left;\"><span style=\"color: #ffffff;\"><a style=\"color: #ffffff;\" href=\"https:\/\/floramedia.es\" target=\"_blank\" rel=\"noopener\">Espagne y Portugal<\/a><\/span><\/p><\/div><\/div><\/div><\/div><\/div><div class=\"vce-col vce-col--xs-100p vce-col--xs-visible vce-col--xs-last vce-col--xs-first vce-col--sm-100p vce-col--sm-visible vce-col--sm-last vce-col--sm-first vce-col--md-auto vce-col--md-visible vce-col--lg-auto vce-col--lg-visible vce-col--xl-auto vce-col--xl-visible\" id=\"el-75652468\"><div class=\"vce-col-inner\" data-vce-do-apply=\"border margin background  el-75652468\"><div class=\"vce-col-content\" data-vce-element-content=\"true\" data-vce-do-apply=\"padding el-75652468\"><div class=\"vce-text-block t-21 text-black\"><div class=\"vce-text-block-wrapper vce\" id=\"el-9b2af548\" data-vce-do-apply=\"all el-9b2af548\"><p style=\"text-align: left;\"><span style=\"color: #ffffff;\"><a style=\"color: #ffffff;\" href=\"https:\/\/floramedia.fr\" target=\"_blank\" rel=\"noopener\">France<\/a><\/span><\/p>\n<p style=\"text-align: left;\"><span style=\"color: #ffffff;\"><a style=\"color: #ffffff;\" href=\"https:\/\/www.floramedia.com\/poland\/\" target=\"_blank\" rel=\"noopener\">Pologne<\/a><\/span><\/p><\/div><\/div><\/div><\/div><\/div><div class=\"vce-col vce-col--xs-100p vce-col--xs-visible vce-col--xs-last vce-col--xs-first vce-col--sm-100p vce-col--sm-visible vce-col--sm-last vce-col--sm-first vce-col--md-auto vce-col--md-visible vce-col--md-last vce-col--lg-auto vce-col--lg-visible vce-col--lg-last vce-col--xl-auto vce-col--xl-visible vce-col--xl-last\" id=\"el-c93d48a7\"><div class=\"vce-col-inner\" data-vce-do-apply=\"border margin background  el-c93d48a7\"><div class=\"vce-col-content\" data-vce-element-content=\"true\" data-vce-do-apply=\"padding el-c93d48a7\"><div class=\"vce-text-block\"><div class=\"vce-text-block-wrapper vce\" id=\"el-9a911acb\" data-vce-do-apply=\"all el-9a911acb\"><p style=\"text-align: left;\"><span style=\"color: #ffffff;\"><a style=\"color: #ffffff;\" href=\"https:\/\/floramedia.co.uk\" target=\"_blank\" rel=\"noopener\">Royaume-Uni<\/a><\/span><\/p>\n<p style=\"text-align: left;\"><span style=\"color: #ffffff;\"><a style=\"color: #ffffff;\" href=\"https:\/\/floramedia.ch\/\" target=\"_blank\" rel=\"noopener\">Suisse<\/a><\/span><\/p><\/div><\/div><\/div><\/div><\/div><\/div><\/div><\/div><div class=\"vce-button--style-basic-container fm-btn vce-button--style-basic-container--align-center\"><span class=\"vce-button--style-basic-wrapper vce\" id=\"el-3268edf4\" data-vce-do-apply=\"margin el-3268edf4\"><a class=\"vce-button vce-button--style-basic vce-button--style-basic--border-square vce-button--style-basic--size-large vce-button--style-basic--color-b-0-0-0--b-255-255-255 vce-button--style-basic--hover-color-b-0-0-0--fff\" href=\"https:\/\/floramedia.com\" title=\"\" data-vce-do-apply=\"padding border background  el-3268edf4\">visitez le site internet du groupe<\/a><\/span><\/div><\/div><\/div><\/div><div class=\"vce-col vce-col--md-16-66p vce-col--xs-1 vce-col--xs-last vce-col--xs-first vce-col--sm-last vce-col--sm-first vce-col--md-last vce-col--lg-last vce-col--xl-last\" id=\"el-71217e15\"><div class=\"vce-col-inner\" data-vce-do-apply=\"border margin background  el-71217e15\"><div class=\"vce-col-content\" data-vce-element-content=\"true\" data-vce-do-apply=\"padding el-71217e15\"><div><\/div><\/div><\/div><\/div><\/div><\/div><\/div>","protected":false},"excerpt":{"rendered":"<p>Floramedia est leader des solutions de communication et d&rsquo;impression pour le march\u00e9 horticole \u00e0 l&rsquo;\u00e9chelle internationale. Nous valorisons une approche commune et cherchons activement \u00e0 entrer en contact avec tous les acteurs du secteur. Par cons\u00e9quent, nous pouvons compter sur un solide r\u00e9seau constitu\u00e9 de s\u00e9lectionneurs, producteurs, exportateurs et d&rsquo;autres partenaires de la fili\u00e8re.&nbsp;FLORAMEDIA GROUPFloramedia&hellip; <a class=\"more-link\" href=\"https:\/\/floramedia.nl\/fr\/reseau-europeen\/\">Poursuivre la lecture <span class=\"screen-reader-text\">R\u00e9seau Europ\u00e9en<\/span><\/a><\/p>\n","protected":false},"author":1,"featured_media":0,"parent":0,"menu_order":0,"comment_status":"closed","ping_status":"closed","template":"","meta":{"_acf_changed":false,"inline_featured_image":false,"footnotes":""},"class_list":["post-4941","page","type-page","status-publish","hentry","entry"],"acf":[],"yoast_head":"<!-- This site is optimized with the Yoast SEO plugin v27.4 - https:\/\/yoast.com\/product\/yoast-seo-wordpress\/ -->\n<title>R\u00e9seau Europ\u00e9en | Floramedia Group | Floramedia.nl<\/title>\n<meta name=\"description\" content=\"Nous pouvons compter sur un solide r\u00e9seau constitu\u00e9 de s\u00e9lectionneurs, producteurs, exportateurs et d&#039;autres partenaires de la fili\u00e8re. Savoir en plus.\" \/>\n<meta name=\"robots\" content=\"index, follow, max-snippet:-1, max-image-preview:large, max-video-preview:-1\" \/>\n<link rel=\"canonical\" href=\"https:\/\/floramedia.nl\/fr\/reseau-europeen\/\" \/>\n<meta property=\"og:locale\" content=\"fr_FR\" \/>\n<meta property=\"og:type\" content=\"article\" \/>\n<meta property=\"og:title\" content=\"R\u00e9seau Europ\u00e9en | Floramedia Group | Floramedia.nl\" \/>\n<meta property=\"og:description\" content=\"Nous pouvons compter sur un solide r\u00e9seau constitu\u00e9 de s\u00e9lectionneurs, producteurs, exportateurs et d&#039;autres partenaires de la fili\u00e8re. Savoir en plus.\" \/>\n<meta property=\"og:url\" content=\"https:\/\/floramedia.nl\/fr\/reseau-europeen\/\" \/>\n<meta property=\"og:site_name\" content=\"Floramedia.nl\" \/>\n<meta property=\"article:modified_time\" content=\"2023-05-29T05:29:07+00:00\" \/>\n<meta name=\"twitter:card\" content=\"summary_large_image\" \/>\n<meta name=\"twitter:label1\" content=\"Dur\u00e9e de lecture estim\u00e9e\" \/>\n\t<meta name=\"twitter:data1\" content=\"1 minute\" \/>\n<script type=\"application\/ld+json\" class=\"yoast-schema-graph\">{\"@context\":\"https:\\\/\\\/schema.org\",\"@graph\":[{\"@type\":\"WebPage\",\"@id\":\"https:\\\/\\\/floramedia.nl\\\/fr\\\/reseau-europeen\\\/\",\"url\":\"https:\\\/\\\/floramedia.nl\\\/fr\\\/reseau-europeen\\\/\",\"name\":\"R\u00e9seau Europ\u00e9en | Floramedia Group | Floramedia.nl\",\"isPartOf\":{\"@id\":\"https:\\\/\\\/floramedia.nl\\\/fr\\\/#website\"},\"datePublished\":\"2021-05-16T11:39:42+00:00\",\"dateModified\":\"2023-05-29T05:29:07+00:00\",\"description\":\"Nous pouvons compter sur un solide r\u00e9seau constitu\u00e9 de s\u00e9lectionneurs, producteurs, exportateurs et d'autres partenaires de la fili\u00e8re. Savoir en plus.\",\"breadcrumb\":{\"@id\":\"https:\\\/\\\/floramedia.nl\\\/fr\\\/reseau-europeen\\\/#breadcrumb\"},\"inLanguage\":\"fr-FR\",\"potentialAction\":[{\"@type\":\"ReadAction\",\"target\":[\"https:\\\/\\\/floramedia.nl\\\/fr\\\/reseau-europeen\\\/\"]}]},{\"@type\":\"BreadcrumbList\",\"@id\":\"https:\\\/\\\/floramedia.nl\\\/fr\\\/reseau-europeen\\\/#breadcrumb\",\"itemListElement\":[{\"@type\":\"ListItem\",\"position\":1,\"name\":\"Home\",\"item\":\"https:\\\/\\\/floramedia.nl\\\/fr\\\/\"},{\"@type\":\"ListItem\",\"position\":2,\"name\":\"R\u00e9seau Europ\u00e9en\"}]},{\"@type\":\"WebSite\",\"@id\":\"https:\\\/\\\/floramedia.nl\\\/fr\\\/#website\",\"url\":\"https:\\\/\\\/floramedia.nl\\\/fr\\\/\",\"name\":\"Floramedia.nl\",\"description\":\"Communication and marketing partner for the green sector\",\"potentialAction\":[{\"@type\":\"SearchAction\",\"target\":{\"@type\":\"EntryPoint\",\"urlTemplate\":\"https:\\\/\\\/floramedia.nl\\\/fr\\\/?s={search_term_string}\"},\"query-input\":{\"@type\":\"PropertyValueSpecification\",\"valueRequired\":true,\"valueName\":\"search_term_string\"}}],\"inLanguage\":\"fr-FR\"}]}<\/script>\n<!-- \/ Yoast SEO plugin. -->","yoast_head_json":{"title":"R\u00e9seau Europ\u00e9en | Floramedia Group | Floramedia.nl","description":"Nous pouvons compter sur un solide r\u00e9seau constitu\u00e9 de s\u00e9lectionneurs, producteurs, exportateurs et d'autres partenaires de la fili\u00e8re. Savoir en plus.","robots":{"index":"index","follow":"follow","max-snippet":"max-snippet:-1","max-image-preview":"max-image-preview:large","max-video-preview":"max-video-preview:-1"},"canonical":"https:\/\/floramedia.nl\/fr\/reseau-europeen\/","og_locale":"fr_FR","og_type":"article","og_title":"R\u00e9seau Europ\u00e9en | Floramedia Group | Floramedia.nl","og_description":"Nous pouvons compter sur un solide r\u00e9seau constitu\u00e9 de s\u00e9lectionneurs, producteurs, exportateurs et d'autres partenaires de la fili\u00e8re. Savoir en plus.","og_url":"https:\/\/floramedia.nl\/fr\/reseau-europeen\/","og_site_name":"Floramedia.nl","article_modified_time":"2023-05-29T05:29:07+00:00","twitter_card":"summary_large_image","twitter_misc":{"Dur\u00e9e de lecture estim\u00e9e":"1 minute"},"schema":{"@context":"https:\/\/schema.org","@graph":[{"@type":"WebPage","@id":"https:\/\/floramedia.nl\/fr\/reseau-europeen\/","url":"https:\/\/floramedia.nl\/fr\/reseau-europeen\/","name":"R\u00e9seau Europ\u00e9en | Floramedia Group | Floramedia.nl","isPartOf":{"@id":"https:\/\/floramedia.nl\/fr\/#website"},"datePublished":"2021-05-16T11:39:42+00:00","dateModified":"2023-05-29T05:29:07+00:00","description":"Nous pouvons compter sur un solide r\u00e9seau constitu\u00e9 de s\u00e9lectionneurs, producteurs, exportateurs et d'autres partenaires de la fili\u00e8re. Savoir en plus.","breadcrumb":{"@id":"https:\/\/floramedia.nl\/fr\/reseau-europeen\/#breadcrumb"},"inLanguage":"fr-FR","potentialAction":[{"@type":"ReadAction","target":["https:\/\/floramedia.nl\/fr\/reseau-europeen\/"]}]},{"@type":"BreadcrumbList","@id":"https:\/\/floramedia.nl\/fr\/reseau-europeen\/#breadcrumb","itemListElement":[{"@type":"ListItem","position":1,"name":"Home","item":"https:\/\/floramedia.nl\/fr\/"},{"@type":"ListItem","position":2,"name":"R\u00e9seau Europ\u00e9en"}]},{"@type":"WebSite","@id":"https:\/\/floramedia.nl\/fr\/#website","url":"https:\/\/floramedia.nl\/fr\/","name":"Floramedia.nl","description":"Communication and marketing partner for the green sector","potentialAction":[{"@type":"SearchAction","target":{"@type":"EntryPoint","urlTemplate":"https:\/\/floramedia.nl\/fr\/?s={search_term_string}"},"query-input":{"@type":"PropertyValueSpecification","valueRequired":true,"valueName":"search_term_string"}}],"inLanguage":"fr-FR"}]}},"_links":{"self":[{"href":"https:\/\/floramedia.nl\/fr\/wp-json\/wp\/v2\/pages\/4941","targetHints":{"allow":["GET"]}}],"collection":[{"href":"https:\/\/floramedia.nl\/fr\/wp-json\/wp\/v2\/pages"}],"about":[{"href":"https:\/\/floramedia.nl\/fr\/wp-json\/wp\/v2\/types\/page"}],"author":[{"embeddable":true,"href":"https:\/\/floramedia.nl\/fr\/wp-json\/wp\/v2\/users\/1"}],"replies":[{"embeddable":true,"href":"https:\/\/floramedia.nl\/fr\/wp-json\/wp\/v2\/comments?post=4941"}],"version-history":[{"count":0,"href":"https:\/\/floramedia.nl\/fr\/wp-json\/wp\/v2\/pages\/4941\/revisions"}],"wp:attachment":[{"href":"https:\/\/floramedia.nl\/fr\/wp-json\/wp\/v2\/media?parent=4941"}],"curies":[{"name":"wp","href":"https:\/\/api.w.org\/{rel}","templated":true}]}}