{"id":4948,"date":"2021-04-19T09:02:14","date_gmt":"2021-04-19T09:02:14","guid":{"rendered":"https:\/\/floramedia.nl\/privacybeleid\/"},"modified":"2021-08-16T15:48:56","modified_gmt":"2021-08-16T14:48:56","slug":"politique-confidentialite","status":"publish","type":"page","link":"https:\/\/floramedia.nl\/fr\/politique-confidentialite\/","title":{"rendered":"Politique de confidentialit\u00e9"},"content":{"rendered":"<div class=\"vce-row-container\" data-vce-boxed-width=\"true\"><div class=\"vce-row vce-row--col-gap-30 vce-row-equal-height vce-row-content--top\" id=\"el-9424c8fe\" data-vce-do-apply=\"all el-9424c8fe\"><div class=\"vce-content-background-container\"><\/div><div class=\"vce-row-content\" data-vce-element-content=\"true\"><div class=\"vce-col vce-col--md-auto vce-col--xs-1 vce-col--xs-last vce-col--xs-first vce-col--sm-last vce-col--sm-first vce-col--md-last vce-col--lg-last vce-col--xl-last vce-col--md-first vce-col--lg-first vce-col--xl-first\" id=\"el-19eb382b\"><div class=\"vce-col-inner\" data-vce-do-apply=\"border margin background  el-19eb382b\"><div class=\"vce-col-content\" data-vce-element-content=\"true\" data-vce-do-apply=\"padding el-19eb382b\"><div class=\"vce-text-block fm-page-title text-uppercase text-green\"><div class=\"vce-text-block-wrapper vce\" id=\"el-2a4af944\" data-vce-do-apply=\"all el-2a4af944\"><h1>Politique de confidentialit\u00e9<\/h1><\/div><\/div><div class=\"vce-text-block\"><div class=\"vce-text-block-wrapper vce\" id=\"el-f8f79522\" data-vce-do-apply=\"all el-f8f79522\"><p>Floramedia Group BV et les soci\u00e9t\u00e9s affili\u00e9es \u00e0 la soci\u00e9t\u00e9, Floramedia Operations BV, Floramedia Nederland BV et les soci\u00e9t\u00e9s \u00e9trang\u00e8res, ci-apr\u00e8s d\u00e9nomm\u00e9es Floramedia Group, attachent une grande importance \u00e0 la protection de vos donn\u00e9es personnelles. Dans cette politique de confidentialit\u00e9, nous veillons \u00e0 vous fournir des informations claires et transparentes sur la mani\u00e8re dont nous traitons les donn\u00e9es personnelles.<\/p>\n<p>Nous nous engageons \u00e0 prot\u00e9ger votre vie priv\u00e9e et traitons donc les donn\u00e9es personnelles avec soin. Floramedia Group respecte dans tous les cas les lois et r\u00e8glements applicables, y compris le R\u00e8glement g\u00e9n\u00e9ral sur la protection des donn\u00e9es. Cela implique les garanties suivantes :<\/p>\n<ul>\n<li aria-level=\"1\">Nous traitons vos donn\u00e9es personnelles conform\u00e9ment \u00e0 la finalit\u00e9 pour laquelle elles ont \u00e9t\u00e9 fournies, ces finalit\u00e9s et types de donn\u00e9es personnelles \u00e9tant d\u00e9crits dans la pr\u00e9sente politique de confidentialit\u00e9.<\/li>\n<li aria-level=\"1\">Le traitement de vos donn\u00e9es personnelles est limit\u00e9 aux seules donn\u00e9es qui sont absolument n\u00e9cessaires aux fins pour lesquelles elles sont trait\u00e9es.<\/li>\n<li aria-level=\"1\">Nous vous demandons votre consentement explicite si nous en avons besoin pour traiter vos donn\u00e9es personnelles.<\/li>\n<li aria-level=\"1\">Nous prenons les mesures techniques et organisationnelles appropri\u00e9es pour que la s\u00e9curit\u00e9 de vos donn\u00e9es personnelles soit garantie.<\/li>\n<li aria-level=\"1\">Nous ne transmettons pas les donn\u00e9es personnelles \u00e0 d'autres parties, \u00e0 moins que cela ne soit n\u00e9cessaire \u00e0 l'ex\u00e9cution des objectifs pour lesquels elles ont \u00e9t\u00e9 fournies.<\/li>\n<li aria-level=\"1\">Nous connaissons et respectons vos droits concernant vos donn\u00e9es personnelles.<\/li>\n<\/ul>\n<p>Floramedia Group est responsable du traitement de vos donn\u00e9es personnelles. Si vous avez des questions ou que vous souhaitez nous contacter apr\u00e8s avoir lu notre politique de confidentialit\u00e9, ou pour tout autre question, veuillez utiliser les coordonn\u00e9es figurant au bas de cette page.<\/p>\n<h2>Traitement des donn\u00e9es personnelles des clients et fournisseurs<\/h2>\n<p>Les donn\u00e9es personnelles des clients ou des fournisseurs sont trait\u00e9es par Floramedia Group pour la ou les finalit\u00e9s suivantes :<\/p>\n<ul>\n<li aria-level=\"1\">\u00c0 des fins administratives<\/li>\n<li aria-level=\"1\">Communication au sujet du projet et ou de son suivi<\/li>\n<li aria-level=\"1\">Ex\u00e9cution ou \u00e9mission d\u2019un ordre (gestion int\u00e9grale de la cha\u00eene).<\/li>\n<\/ul>\n<p>Mode de recueil de ces donn\u00e9es personnelles :<\/p>\n<ul>\n<li aria-level=\"1\">La commande ou le contrat sign\u00e9.<\/li>\n<\/ul>\n<p>Aux fins susmentionn\u00e9es, Floramedia Group peut vous demander les informations personnelles suivantes :<\/p>\n<ul>\n<li aria-level=\"1\">Pr\u00e9nom<\/li>\n<li aria-level=\"1\">Nom de famille<\/li>\n<li aria-level=\"1\">Adresse<\/li>\n<li aria-level=\"1\">Commune<\/li>\n<li aria-level=\"1\">Num\u00e9ro de t\u00e9l\u00e9phone (professionnel)<\/li>\n<li aria-level=\"1\">Adresse e-mail (professionnelle)<\/li>\n<li aria-level=\"1\">Sexe<\/li>\n<\/ul>\n<p>Vos donn\u00e9es personnelles seront conserv\u00e9es par Floramedia Group pendant la p\u00e9riode de traitement suivante :<\/p>\n<ul>\n<li aria-level=\"1\">Au-del\u00e0 de la dur\u00e9e de l'accord, c'est-\u00e0-dire ind\u00e9finiment ou jusqu'\u00e0 la r\u00e9siliation, suivie d\u2019une conservation exclusive au sein de l\u2019administration financi\u00e8re pour un maximum de sept ans.<\/li>\n<\/ul>\n<h2>Traitement des donn\u00e9es personnelles des abonn\u00e9s \u00e0 la newsletter<\/h2>\n<p>Les donn\u00e9es personnelles des abonn\u00e9s \u00e0 la newsletter sont trait\u00e9es par Floramedia Group aux fins suivantes :<\/p>\n<ul>\n<li aria-level=\"1\">Informer la personne par le biais de newsletter et\/ou d\u2019e-mails.<\/li>\n<\/ul>\n<p>Mode de recueil de ces donn\u00e9es personnelles :<\/p>\n<ul>\n<li aria-level=\"1\">Formulaire d\u2019inscription \u00e0 la newsletter<\/li>\n<li aria-level=\"1\">Donn\u00e9es des abonn\u00e9s \u00e0 la newsletter collect\u00e9es et stock\u00e9es avant le 25 mai 2018 et des abonn\u00e9s \u00e0 la newsletter enregistr\u00e9s apr\u00e8s le 25 mai 2018.<\/li>\n<\/ul>\n<p>Aux fins susmentionn\u00e9es, Floramedia Group peut vous demander les informations personnelles suivantes :<\/p>\n<ul>\n<li aria-level=\"1\">Pr\u00e9nom<\/li>\n<li aria-level=\"1\">Nom de famille<\/li>\n<li aria-level=\"1\">Adresse e-mail<\/li>\n<li aria-level=\"1\">Soci\u00e9t\u00e9<\/li>\n<li aria-level=\"1\">D\u00e9partement \/ Fonction<\/li>\n<\/ul>\n<p>Vos donn\u00e9es personnelles seront conserv\u00e9es par Floramedia Group pendant la p\u00e9riode de traitement suivante :<\/p>\n<ul>\n<li aria-level=\"1\">Toute la dur\u00e9e de l\u2019abonnement.<\/li>\n<\/ul>\n<h2>Traitement des donn\u00e9es personnelles des clients potentiels, contacts dans des institutions tiers tels que lobbys et parties int\u00e9ress\u00e9es<\/h2>\n<p>Les donn\u00e9es personnelles des clients potentiels, des contacts des parties prenantes\/lobby et\/ou des parties int\u00e9ress\u00e9es sont trait\u00e9es par Floramedia Group pour une ou plusieurs des finalit\u00e9s suivantes :<\/p>\n<ul>\n<li aria-level=\"1\">Envoi des newsletters et contacts cibl\u00e9s<\/li>\n<li aria-level=\"1\">Envoi d'informations par courrier (num\u00e9rique) ou contact t\u00e9l\u00e9phonique concernant la soci\u00e9t\u00e9 et\/ou ses produits et services<\/li>\n<li aria-level=\"1\">Envoi num\u00e9rique d\u2019informations (ou contact num\u00e9rique) concernant la soci\u00e9t\u00e9 et\/ou ses produits et services.<\/li>\n<\/ul>\n<p>Mode de recueil de ces donn\u00e9es personnelles :<\/p>\n<ul>\n<li aria-level=\"1\">Autorisation verbale, remise d'une carte de visite, d\u2019un lien LinkedIn&nbsp;<\/li>\n<li aria-level=\"1\">Consentement num\u00e9rique pr\u00e9alable, lors de la demande d'informations ou de l'inscription \u00e0 une newsletter par exemple.<\/li>\n<\/ul>\n<p>Aux fins susmentionn\u00e9es, Floramedia Group peut vous demander les informations personnelles suivantes :<\/p>\n<ul>\n<li aria-level=\"1\">Pr\u00e9nom<\/li>\n<li aria-level=\"1\">Nom de famille<\/li>\n<li aria-level=\"1\">Adresse<\/li>\n<li aria-level=\"1\">Commune<\/li>\n<li aria-level=\"1\">Num\u00e9ro de t\u00e9l\u00e9phone (professionnel)<\/li>\n<li aria-level=\"1\">Adresse e-mail (professionnelle)<\/li>\n<li aria-level=\"1\">Sexe<\/li>\n<\/ul>\n<p>Vos donn\u00e9es personnelles seront conserv\u00e9es par Floramedia Group pour le traitement mentionn\u00e9 ci-dessus pour la p\u00e9riode :<\/p>\n<ul>\n<li aria-level=\"1\">Pendant la p\u00e9riode o\u00f9 l'on est consid\u00e9r\u00e9 comme un prospect, un contact avec une partie prenante\/lobby et\/ou une partie int\u00e9ress\u00e9e.<\/li>\n<\/ul>\n<h2>Transmission des donn\u00e9es personnelles<\/h2>\n<p>Nous pouvons transmettre les donn\u00e9es que vous fournissez \u00e0 des tiers dans la mesure o\u00f9 cela est n\u00e9cessaire \u00e0 la r\u00e9alisation des fins d\u00e9crites ci-dessus. Nous faisons appel \u00e0 un tiers pour, entre autres choses :<\/p>\n<ul>\n<li aria-level=\"1\">Livrer ou envoyer des bulletins d'information et newsletters ainsi que des invitations.<\/li>\n<\/ul>\n<p>Nous ne transmettons jamais de donn\u00e9es personnelles \u00e0 d'autres parties avec lesquelles nous n'avons pas conclu d'accord de traitement. Un accord de traitement a \u00e9t\u00e9 conclu pour garantir la s\u00e9curit\u00e9 de vos donn\u00e9es personnelles par les tiers auxquels nous transmettons ces donn\u00e9es aux fins mentionn\u00e9es ci-dessus. En outre, nous ne transmettrons pas \u00e0 d'autres parties les informations que vous nous fournissez, sauf si cela est requis et autoris\u00e9 par la loi. C'est le cas, par exemple, lorsque la police nous demande des informations (personnelles) dans le cadre d'une enqu\u00eate. Dans ce cas, nous devons coop\u00e9rer et fournir ces informations. Nous pouvons \u00e9galement partager des donn\u00e9es personnelles avec des tiers si vous nous donnez votre consentement \u00e9crit.<\/p>\n<h2>Au sein de l'UE et de l\u2019EEE<\/h2>\n<p>Nous fournissons des donn\u00e9es personnelles \u00e0 des parties situ\u00e9es dans l'Espace \u00e9conomique europ\u00e9en (EEE), ou dans un pays, un ou plusieurs secteurs et\/ou une ou plusieurs r\u00e9gions de pays pour lesquels la Commission europ\u00e9enne a adopt\u00e9 une d\u00e9cision d'ad\u00e9quation. Par cette d\u00e9cision, la Commission europ\u00e9enne \u00e9tablit si le pays en question offre un niveau ad\u00e9quat de protection des donn\u00e9es.<\/p>\n<p>Une d\u00e9cision d'ad\u00e9quation existe \u00e9galement pour les \u00c9tats-Unis, mais uniquement dans la mesure o\u00f9 la partie destinataire s'est engag\u00e9e \u00e0 respecter les principes \u00e9nonc\u00e9s dans cette d\u00e9cision, \u00e9galement connue sous le nom de <a href=\"https:\/\/www.privacyshield.gov\/\">Privacy Shield<\/a>.<\/p>\n<p>La liste des pays ayant fait l'objet d'une d\u00e9cision d'ad\u00e9quation peut \u00eatre consult\u00e9e sur le <a href=\"https:\/\/ec.europa.eu\/info\/law\/law-topic\/data-protection_fr\">site de la Commission europ\u00e9enne<\/a>.<\/p>\n<h2>Mineurs<\/h2>\n<p>Nous ne traitons les donn\u00e9es personnelles des mineurs de moins de 15 ans qu\u2019en cas de consentement \u00e9crit fourni par le parent, tuteur ou responsable l\u00e9gal.<\/p>\n<h2>Dur\u00e9e de conservation<\/h2>\n<p>Floramedia Group ne conserve les donn\u00e9es personnelles que le temps n\u00e9cessaire \u00e0 la finalit\u00e9 pour laquelle elles ont \u00e9t\u00e9 collect\u00e9es et jamais au-del\u00e0 des d\u00e9lais l\u00e9gaux.<\/p>\n<h2>S\u00e9curit\u00e9<\/h2>\n<p>Nous prenons toutes les pr\u00e9cautions utiles pour pr\u00e9server la s\u00e9curit\u00e9 des donn\u00e9es et, notamment, emp\u00eacher qu\u2019elles soient d\u00e9form\u00e9es, endommag\u00e9es, ou que des tiers non autoris\u00e9s y aient acc\u00e8s :<\/p>\n<ul>\n<li aria-level=\"1\">Toutes les personnes qui peuvent prendre connaissance de vos donn\u00e9es au nom de Floramedia Group sont tenues d\u2019en respecter la confidentialit\u00e9.<\/li>\n<li aria-level=\"1\">Nous utilisons des proc\u00e9d\u00e9s d\u2019authentification avec acc\u00e8s personnel et s\u00e9curis\u00e9 par des identifiants et mots de passe confidentiels.<\/li>\n<li aria-level=\"1\">Nous effectuons des sauvegardes afin de restaurer nos syst\u00e8mes en cas d\u2019incidents techniques ou physiques.<\/li>\n<li aria-level=\"1\">Nous testons et \u00e9valuons r\u00e9guli\u00e8rement nos mesures de s\u00e9curit\u00e9.<\/li>\n<li aria-level=\"1\">Nos employ\u00e9s sont inform\u00e9s de l'importance de la protection des donn\u00e9es personnelles.<\/li>\n<\/ul>\n<h2>Droits concernant vos donn\u00e9es personnelles<\/h2>\n<p>Vous avez le droit d'acc\u00e9der, de faire rectifier et supprimer les donn\u00e9es personnelles vous concernant que nous avons collect\u00e9es. Vous pouvez \u00e9galement vous opposer au traitement de vos donn\u00e9es personnelles (ou d'une partie de celles-ci) par nous ou par l'un de nos sous-traitants. Vous pouvez \u00e9galement nous demander de vous faire transf\u00e9rer ces donn\u00e9es ou de les faire transf\u00e9rer \u00e0 un tiers. Il est possible que nous vous demandions de vous identifier avant de r\u00e9pondre \u00e0 ces demandes.<\/p>\n<p>Si nous traitons vos donn\u00e9es personnelles sur la base du consentement que vous nous avez donn\u00e9, vous avez le droit de retirer ce consentement \u00e0 tout moment.<\/p>\n<h2>R\u00e9clamations<\/h2>\n<p>Si vous avez une r\u00e9clamation concernant l\u2019utilisation de vos donn\u00e9es personnelles, veuillez nous contacter directement. Nous chercherons une solution ensemble. Vous pouvez \u00e9galement introduire une r\u00e9clamation aupr\u00e8s des autorit\u00e9s de contr\u00f4le.<\/p>\n<h2>Questions<\/h2>\n<p>Veuillez nous contacter si vous avez des questions ou des remarques sur notre politique de confidentialit\u00e9.<\/p>\n<h2>Contact<\/h2>\n<p>Floramedia Group BV<br>Kleine Steng 1<br>1551 NC Westzaan<br>Pays-Bas<br><a href=\"mailto:info@floramedia.nl\">info@floramedia.nl<\/a><br>+31 (0) 75 64 76476<\/p><\/div><\/div><\/div><\/div><\/div><\/div><\/div><\/div>","protected":false},"excerpt":{"rendered":"<p>Floramedia Group BV et les soci\u00e9t\u00e9s affili\u00e9es \u00e0 la soci\u00e9t\u00e9, Floramedia Operations BV, Floramedia Nederland BV et les soci\u00e9t\u00e9s \u00e9trang\u00e8res, ci-apr\u00e8s d\u00e9nomm\u00e9es Floramedia Group, attachent une grande importance \u00e0 la protection de vos donn\u00e9es personnelles. Dans cette politique de confidentialit\u00e9, nous veillons \u00e0 vous fournir des informations claires et transparentes sur la mani\u00e8re dont nous&hellip; <a class=\"more-link\" href=\"https:\/\/floramedia.nl\/fr\/politique-confidentialite\/\">Poursuivre la lecture <span class=\"screen-reader-text\">Politique de confidentialit\u00e9<\/span><\/a><\/p>\n","protected":false},"author":1,"featured_media":0,"parent":0,"menu_order":0,"comment_status":"closed","ping_status":"closed","template":"","meta":{"_acf_changed":false,"inline_featured_image":false,"footnotes":""},"class_list":["post-4948","page","type-page","status-publish","hentry","entry"],"acf":[],"yoast_head":"<!-- This site is optimized with the Yoast SEO plugin v27.4 - https:\/\/yoast.com\/product\/yoast-seo-wordpress\/ -->\n<title>Politique de confidentialit\u00e9 | Floramedia.nl<\/title>\n<meta name=\"robots\" content=\"index, follow, max-snippet:-1, max-image-preview:large, max-video-preview:-1\" \/>\n<link rel=\"canonical\" href=\"https:\/\/floramedia.nl\/fr\/politique-confidentialite\/\" \/>\n<meta property=\"og:locale\" content=\"fr_FR\" \/>\n<meta property=\"og:type\" content=\"article\" \/>\n<meta property=\"og:title\" content=\"Politique de confidentialit\u00e9 | Floramedia.nl\" \/>\n<meta property=\"og:description\" content=\"Floramedia Group BV et les soci\u00e9t\u00e9s affili\u00e9es \u00e0 la soci\u00e9t\u00e9, Floramedia Operations BV, Floramedia Nederland BV et les soci\u00e9t\u00e9s \u00e9trang\u00e8res, ci-apr\u00e8s d\u00e9nomm\u00e9es Floramedia Group, attachent une grande importance \u00e0 la protection de vos donn\u00e9es personnelles. Dans cette politique de confidentialit\u00e9, nous veillons \u00e0 vous fournir des informations claires et transparentes sur la mani\u00e8re dont nous&hellip; Poursuivre la lecture Politique de confidentialit\u00e9\" \/>\n<meta property=\"og:url\" content=\"https:\/\/floramedia.nl\/fr\/politique-confidentialite\/\" \/>\n<meta property=\"og:site_name\" content=\"Floramedia.nl\" \/>\n<meta property=\"article:modified_time\" content=\"2021-08-16T14:48:56+00:00\" \/>\n<meta name=\"twitter:card\" content=\"summary_large_image\" \/>\n<meta name=\"twitter:label1\" content=\"Dur\u00e9e de lecture estim\u00e9e\" \/>\n\t<meta name=\"twitter:data1\" content=\"7 minutes\" \/>\n<script type=\"application\/ld+json\" class=\"yoast-schema-graph\">{\"@context\":\"https:\\\/\\\/schema.org\",\"@graph\":[{\"@type\":\"WebPage\",\"@id\":\"https:\\\/\\\/floramedia.nl\\\/fr\\\/politique-confidentialite\\\/\",\"url\":\"https:\\\/\\\/floramedia.nl\\\/fr\\\/politique-confidentialite\\\/\",\"name\":\"Politique de confidentialit\u00e9 | Floramedia.nl\",\"isPartOf\":{\"@id\":\"https:\\\/\\\/floramedia.nl\\\/fr\\\/#website\"},\"datePublished\":\"2021-04-19T09:02:14+00:00\",\"dateModified\":\"2021-08-16T14:48:56+00:00\",\"breadcrumb\":{\"@id\":\"https:\\\/\\\/floramedia.nl\\\/fr\\\/politique-confidentialite\\\/#breadcrumb\"},\"inLanguage\":\"fr-FR\",\"potentialAction\":[{\"@type\":\"ReadAction\",\"target\":[\"https:\\\/\\\/floramedia.nl\\\/fr\\\/politique-confidentialite\\\/\"]}]},{\"@type\":\"BreadcrumbList\",\"@id\":\"https:\\\/\\\/floramedia.nl\\\/fr\\\/politique-confidentialite\\\/#breadcrumb\",\"itemListElement\":[{\"@type\":\"ListItem\",\"position\":1,\"name\":\"Home\",\"item\":\"https:\\\/\\\/floramedia.nl\\\/fr\\\/\"},{\"@type\":\"ListItem\",\"position\":2,\"name\":\"Politique de confidentialit\u00e9\"}]},{\"@type\":\"WebSite\",\"@id\":\"https:\\\/\\\/floramedia.nl\\\/fr\\\/#website\",\"url\":\"https:\\\/\\\/floramedia.nl\\\/fr\\\/\",\"name\":\"Floramedia.nl\",\"description\":\"Communication and marketing partner for the green sector\",\"potentialAction\":[{\"@type\":\"SearchAction\",\"target\":{\"@type\":\"EntryPoint\",\"urlTemplate\":\"https:\\\/\\\/floramedia.nl\\\/fr\\\/?s={search_term_string}\"},\"query-input\":{\"@type\":\"PropertyValueSpecification\",\"valueRequired\":true,\"valueName\":\"search_term_string\"}}],\"inLanguage\":\"fr-FR\"}]}<\/script>\n<!-- \/ Yoast SEO plugin. -->","yoast_head_json":{"title":"Politique de confidentialit\u00e9 | Floramedia.nl","robots":{"index":"index","follow":"follow","max-snippet":"max-snippet:-1","max-image-preview":"max-image-preview:large","max-video-preview":"max-video-preview:-1"},"canonical":"https:\/\/floramedia.nl\/fr\/politique-confidentialite\/","og_locale":"fr_FR","og_type":"article","og_title":"Politique de confidentialit\u00e9 | Floramedia.nl","og_description":"Floramedia Group BV et les soci\u00e9t\u00e9s affili\u00e9es \u00e0 la soci\u00e9t\u00e9, Floramedia Operations BV, Floramedia Nederland BV et les soci\u00e9t\u00e9s \u00e9trang\u00e8res, ci-apr\u00e8s d\u00e9nomm\u00e9es Floramedia Group, attachent une grande importance \u00e0 la protection de vos donn\u00e9es personnelles. Dans cette politique de confidentialit\u00e9, nous veillons \u00e0 vous fournir des informations claires et transparentes sur la mani\u00e8re dont nous&hellip; Poursuivre la lecture Politique de confidentialit\u00e9","og_url":"https:\/\/floramedia.nl\/fr\/politique-confidentialite\/","og_site_name":"Floramedia.nl","article_modified_time":"2021-08-16T14:48:56+00:00","twitter_card":"summary_large_image","twitter_misc":{"Dur\u00e9e de lecture estim\u00e9e":"7 minutes"},"schema":{"@context":"https:\/\/schema.org","@graph":[{"@type":"WebPage","@id":"https:\/\/floramedia.nl\/fr\/politique-confidentialite\/","url":"https:\/\/floramedia.nl\/fr\/politique-confidentialite\/","name":"Politique de confidentialit\u00e9 | Floramedia.nl","isPartOf":{"@id":"https:\/\/floramedia.nl\/fr\/#website"},"datePublished":"2021-04-19T09:02:14+00:00","dateModified":"2021-08-16T14:48:56+00:00","breadcrumb":{"@id":"https:\/\/floramedia.nl\/fr\/politique-confidentialite\/#breadcrumb"},"inLanguage":"fr-FR","potentialAction":[{"@type":"ReadAction","target":["https:\/\/floramedia.nl\/fr\/politique-confidentialite\/"]}]},{"@type":"BreadcrumbList","@id":"https:\/\/floramedia.nl\/fr\/politique-confidentialite\/#breadcrumb","itemListElement":[{"@type":"ListItem","position":1,"name":"Home","item":"https:\/\/floramedia.nl\/fr\/"},{"@type":"ListItem","position":2,"name":"Politique de confidentialit\u00e9"}]},{"@type":"WebSite","@id":"https:\/\/floramedia.nl\/fr\/#website","url":"https:\/\/floramedia.nl\/fr\/","name":"Floramedia.nl","description":"Communication and marketing partner for the green sector","potentialAction":[{"@type":"SearchAction","target":{"@type":"EntryPoint","urlTemplate":"https:\/\/floramedia.nl\/fr\/?s={search_term_string}"},"query-input":{"@type":"PropertyValueSpecification","valueRequired":true,"valueName":"search_term_string"}}],"inLanguage":"fr-FR"}]}},"_links":{"self":[{"href":"https:\/\/floramedia.nl\/fr\/wp-json\/wp\/v2\/pages\/4948","targetHints":{"allow":["GET"]}}],"collection":[{"href":"https:\/\/floramedia.nl\/fr\/wp-json\/wp\/v2\/pages"}],"about":[{"href":"https:\/\/floramedia.nl\/fr\/wp-json\/wp\/v2\/types\/page"}],"author":[{"embeddable":true,"href":"https:\/\/floramedia.nl\/fr\/wp-json\/wp\/v2\/users\/1"}],"replies":[{"embeddable":true,"href":"https:\/\/floramedia.nl\/fr\/wp-json\/wp\/v2\/comments?post=4948"}],"version-history":[{"count":0,"href":"https:\/\/floramedia.nl\/fr\/wp-json\/wp\/v2\/pages\/4948\/revisions"}],"wp:attachment":[{"href":"https:\/\/floramedia.nl\/fr\/wp-json\/wp\/v2\/media?parent=4948"}],"curies":[{"name":"wp","href":"https:\/\/api.w.org\/{rel}","templated":true}]}}